{"id":26390,"date":"2025-07-10T13:26:24","date_gmt":"2025-07-10T13:26:24","guid":{"rendered":"https:\/\/countryfield.nl\/solar\/"},"modified":"2025-08-13T08:25:11","modified_gmt":"2025-08-13T08:25:11","slug":"solar","status":"publish","type":"page","link":"https:\/\/countryfield.nl\/de\/solar\/","title":{"rendered":"SOLAR"},"content":{"rendered":"\t\t<div data-elementor-type=\"wp-page\" data-elementor-id=\"26390\" class=\"elementor elementor-26390 elementor-26382\" data-elementor-settings=\"{&quot;ha_cmc_init_switcher&quot;:&quot;no&quot;}\">\n\t\t\t\t\t\t<section class=\"elementor-section elementor-top-section elementor-element elementor-element-f797e01 elementor-section-boxed elementor-section-height-default elementor-section-height-default\" data-id=\"f797e01\" data-element_type=\"section\" data-e-type=\"section\" data-settings=\"{&quot;_ha_eqh_enable&quot;:false}\">\n\t\t\t\t\t\t<div class=\"elementor-container elementor-column-gap-default\">\n\t\t\t\t\t<div class=\"elementor-column elementor-col-100 elementor-top-column elementor-element elementor-element-5a8e240\" data-id=\"5a8e240\" data-element_type=\"column\" data-e-type=\"column\">\n\t\t\t<div class=\"elementor-widget-wrap elementor-element-populated\">\n\t\t\t\t\t\t<div class=\"elementor-element elementor-element-d06dc58 elementor-widget elementor-widget-spacer\" data-id=\"d06dc58\" data-element_type=\"widget\" data-e-type=\"widget\" data-widget_type=\"spacer.default\">\n\t\t\t\t<div class=\"elementor-widget-container\">\n\t\t\t\t\t\t\t<div class=\"elementor-spacer\">\n\t\t\t<div class=\"elementor-spacer-inner\"><\/div>\n\t\t<\/div>\n\t\t\t\t\t\t<\/div>\n\t\t\t\t<\/div>\n\t\t\t\t\t<\/div>\n\t\t<\/div>\n\t\t\t\t\t<\/div>\n\t\t<\/section>\n\t\t\t\t<section class=\"elementor-section elementor-top-section elementor-element elementor-element-93cb457 elementor-section-boxed elementor-section-height-default elementor-section-height-default\" data-id=\"93cb457\" data-element_type=\"section\" data-e-type=\"section\" data-settings=\"{&quot;_ha_eqh_enable&quot;:false}\">\n\t\t\t\t\t\t<div class=\"elementor-container elementor-column-gap-default\">\n\t\t\t\t\t<div class=\"elementor-column elementor-col-100 elementor-top-column elementor-element elementor-element-5292751\" data-id=\"5292751\" data-element_type=\"column\" data-e-type=\"column\">\n\t\t\t<div class=\"elementor-widget-wrap elementor-element-populated\">\n\t\t\t\t\t\t<div class=\"elementor-element elementor-element-03e072e elementor-widget elementor-widget-heading\" data-id=\"03e072e\" data-element_type=\"widget\" data-e-type=\"widget\" data-widget_type=\"heading.default\">\n\t\t\t\t<div class=\"elementor-widget-container\">\n\t\t\t\t\t<h1 class=\"elementor-heading-title elementor-size-default\">COUNTRYFIELD SOLAR COLLECTION\n\n<\/h1>\t\t\t\t<\/div>\n\t\t\t\t<\/div>\n\t\t\t\t<div class=\"elementor-element elementor-element-aed48df elementor-widget elementor-widget-text-editor\" data-id=\"aed48df\" data-element_type=\"widget\" data-e-type=\"widget\" data-widget_type=\"text-editor.default\">\n\t\t\t\t<div class=\"elementor-widget-container\">\n\t\t\t\t\t\t\t\t\t<p data-start=\"203\" data-end=\"522\">Neben unserer umfangreichen Kollektion an M\u00f6beln, Beleuchtung und Wohndekoration bietet Countryfield auch eine stilvolle und funktionelle Solar-Kollektion f\u00fcr den Au\u00dfenbereich. Mit dieser Kollektion kombinieren Sie Atmosph\u00e4re und Haltbarkeit auf nat\u00fcrliche Weise &#8211; ideal f\u00fcr lange Sommerabende und gem\u00fctliche Momente im Garten oder auf der Terrasse. <\/p><p data-start=\"524\" data-end=\"877\">Unsere Solarleuchten wurden mit einem Auge f\u00fcr Details und Benutzerfreundlichkeit entworfen. Dank ihrer kabellosen Natur und der energieeffizienten Solarenergie sind die Lampen einfach zu platzieren und umweltfreundlich. Von eleganten Tischlampen und Laternen bis hin zu stimmungsvollen Pendelleuchten und Strahlern &#8211; die Solar-Kollektion von Countryfield verleiht jedem Au\u00dfenbereich W\u00e4rme.  <\/p>\t\t\t\t\t\t\t\t<\/div>\n\t\t\t\t<\/div>\n\t\t\t\t\t<\/div>\n\t\t<\/div>\n\t\t\t\t\t<\/div>\n\t\t<\/section>\n\t\t\t\t<section class=\"elementor-section elementor-top-section elementor-element elementor-element-fee3cb9 elementor-section-boxed elementor-section-height-default elementor-section-height-default\" data-id=\"fee3cb9\" data-element_type=\"section\" data-e-type=\"section\" data-settings=\"{&quot;_ha_eqh_enable&quot;:false}\">\n\t\t\t\t\t\t<div class=\"elementor-container elementor-column-gap-default\">\n\t\t\t\t\t<div class=\"elementor-column elementor-col-100 elementor-top-column elementor-element elementor-element-e3f060d\" data-id=\"e3f060d\" data-element_type=\"column\" data-e-type=\"column\">\n\t\t\t<div class=\"elementor-widget-wrap elementor-element-populated\">\n\t\t\t\t\t\t<div class=\"elementor-element elementor-element-5ef0313 elementor-widget elementor-widget-spacer\" data-id=\"5ef0313\" data-element_type=\"widget\" data-e-type=\"widget\" data-widget_type=\"spacer.default\">\n\t\t\t\t<div class=\"elementor-widget-container\">\n\t\t\t\t\t\t\t<div class=\"elementor-spacer\">\n\t\t\t<div class=\"elementor-spacer-inner\"><\/div>\n\t\t<\/div>\n\t\t\t\t\t\t<\/div>\n\t\t\t\t<\/div>\n\t\t\t\t\t<\/div>\n\t\t<\/div>\n\t\t\t\t\t<\/div>\n\t\t<\/section>\n\t\t\t\t<section class=\"elementor-section elementor-top-section elementor-element elementor-element-9d2d023 elementor-section-boxed elementor-section-height-default elementor-section-height-default\" data-id=\"9d2d023\" data-element_type=\"section\" data-e-type=\"section\" data-settings=\"{&quot;_ha_eqh_enable&quot;:false}\">\n\t\t\t\t\t\t<div class=\"elementor-container elementor-column-gap-default\">\n\t\t\t\t\t<div class=\"elementor-column elementor-col-25 elementor-top-column elementor-element elementor-element-30e045f\" data-id=\"30e045f\" data-element_type=\"column\" data-e-type=\"column\">\n\t\t\t<div class=\"elementor-widget-wrap elementor-element-populated\">\n\t\t\t\t\t\t<div class=\"elementor-element elementor-element-640966c elementor-widget elementor-widget-image\" data-id=\"640966c\" data-element_type=\"widget\" data-e-type=\"widget\" data-widget_type=\"image.default\">\n\t\t\t\t<div class=\"elementor-widget-container\">\n\t\t\t\t\t\t\t\t\t\t\t\t\t\t\t<img fetchpriority=\"high\" decoding=\"async\" width=\"683\" height=\"1024\" src=\"https:\/\/countryfield.nl\/wp-content\/uploads\/816648-816650-816651-816655-816660-816665-816666-683x1024.jpg\" class=\"attachment-large size-large wp-image-26260\" alt=\"\" srcset=\"https:\/\/countryfield.nl\/wp-content\/uploads\/816648-816650-816651-816655-816660-816665-816666-683x1024.jpg 683w, https:\/\/countryfield.nl\/wp-content\/uploads\/816648-816650-816651-816655-816660-816665-816666-200x300.jpg 200w, https:\/\/countryfield.nl\/wp-content\/uploads\/816648-816650-816651-816655-816660-816665-816666-768x1152.jpg 768w, https:\/\/countryfield.nl\/wp-content\/uploads\/816648-816650-816651-816655-816660-816665-816666-1024x1536.jpg 1024w, https:\/\/countryfield.nl\/wp-content\/uploads\/816648-816650-816651-816655-816660-816665-816666-1080x1620.jpg 1080w, https:\/\/countryfield.nl\/wp-content\/uploads\/816648-816650-816651-816655-816660-816665-816666-1280x1920.jpg 1280w, https:\/\/countryfield.nl\/wp-content\/uploads\/816648-816650-816651-816655-816660-816665-816666-980x1470.jpg 980w, https:\/\/countryfield.nl\/wp-content\/uploads\/816648-816650-816651-816655-816660-816665-816666-480x720.jpg 480w, https:\/\/countryfield.nl\/wp-content\/uploads\/816648-816650-816651-816655-816660-816665-816666.jpg 1365w\" sizes=\"(max-width: 683px) 100vw, 683px\" \/>\t\t\t\t\t\t\t\t\t\t\t\t\t\t\t<\/div>\n\t\t\t\t<\/div>\n\t\t\t\t\t<\/div>\n\t\t<\/div>\n\t\t\t\t<div class=\"elementor-column elementor-col-25 elementor-top-column elementor-element elementor-element-19e1d37\" data-id=\"19e1d37\" data-element_type=\"column\" data-e-type=\"column\">\n\t\t\t<div class=\"elementor-widget-wrap elementor-element-populated\">\n\t\t\t\t\t\t<div class=\"elementor-element elementor-element-240d490 elementor-widget elementor-widget-image\" data-id=\"240d490\" data-element_type=\"widget\" data-e-type=\"widget\" data-widget_type=\"image.default\">\n\t\t\t\t<div class=\"elementor-widget-container\">\n\t\t\t\t\t\t\t\t\t\t\t\t\t\t\t<img decoding=\"async\" width=\"683\" height=\"1024\" src=\"https:\/\/countryfield.nl\/wp-content\/uploads\/IMG_0125-683x1024.jpg\" class=\"attachment-large size-large wp-image-26251\" alt=\"\" srcset=\"https:\/\/countryfield.nl\/wp-content\/uploads\/IMG_0125-683x1024.jpg 683w, https:\/\/countryfield.nl\/wp-content\/uploads\/IMG_0125-200x300.jpg 200w, https:\/\/countryfield.nl\/wp-content\/uploads\/IMG_0125-768x1152.jpg 768w, https:\/\/countryfield.nl\/wp-content\/uploads\/IMG_0125-1024x1536.jpg 1024w, https:\/\/countryfield.nl\/wp-content\/uploads\/IMG_0125-1365x2048.jpg 1365w, https:\/\/countryfield.nl\/wp-content\/uploads\/IMG_0125-1080x1620.jpg 1080w, https:\/\/countryfield.nl\/wp-content\/uploads\/IMG_0125-1280x1920.jpg 1280w, https:\/\/countryfield.nl\/wp-content\/uploads\/IMG_0125-980x1470.jpg 980w, https:\/\/countryfield.nl\/wp-content\/uploads\/IMG_0125-480x720.jpg 480w, https:\/\/countryfield.nl\/wp-content\/uploads\/IMG_0125-scaled.jpg 1707w\" sizes=\"(max-width: 683px) 100vw, 683px\" \/>\t\t\t\t\t\t\t\t\t\t\t\t\t\t\t<\/div>\n\t\t\t\t<\/div>\n\t\t\t\t\t<\/div>\n\t\t<\/div>\n\t\t\t\t<div class=\"elementor-column elementor-col-25 elementor-top-column elementor-element elementor-element-6be9ae3\" data-id=\"6be9ae3\" data-element_type=\"column\" data-e-type=\"column\">\n\t\t\t<div class=\"elementor-widget-wrap elementor-element-populated\">\n\t\t\t\t\t\t<div class=\"elementor-element elementor-element-4679e1c elementor-widget elementor-widget-image\" data-id=\"4679e1c\" data-element_type=\"widget\" data-e-type=\"widget\" data-widget_type=\"image.default\">\n\t\t\t\t<div class=\"elementor-widget-container\">\n\t\t\t\t\t\t\t\t\t\t\t\t\t\t\t<img decoding=\"async\" width=\"683\" height=\"1024\" src=\"https:\/\/countryfield.nl\/wp-content\/uploads\/806838-806840-806842-807711-807713-2-683x1024.jpg\" class=\"attachment-large size-large wp-image-26245\" alt=\"\" srcset=\"https:\/\/countryfield.nl\/wp-content\/uploads\/806838-806840-806842-807711-807713-2-683x1024.jpg 683w, https:\/\/countryfield.nl\/wp-content\/uploads\/806838-806840-806842-807711-807713-2-200x300.jpg 200w, https:\/\/countryfield.nl\/wp-content\/uploads\/806838-806840-806842-807711-807713-2-768x1152.jpg 768w, https:\/\/countryfield.nl\/wp-content\/uploads\/806838-806840-806842-807711-807713-2-1024x1536.jpg 1024w, https:\/\/countryfield.nl\/wp-content\/uploads\/806838-806840-806842-807711-807713-2-1080x1620.jpg 1080w, https:\/\/countryfield.nl\/wp-content\/uploads\/806838-806840-806842-807711-807713-2-1280x1920.jpg 1280w, https:\/\/countryfield.nl\/wp-content\/uploads\/806838-806840-806842-807711-807713-2-980x1470.jpg 980w, https:\/\/countryfield.nl\/wp-content\/uploads\/806838-806840-806842-807711-807713-2-480x720.jpg 480w, https:\/\/countryfield.nl\/wp-content\/uploads\/806838-806840-806842-807711-807713-2.jpg 1365w\" sizes=\"(max-width: 683px) 100vw, 683px\" \/>\t\t\t\t\t\t\t\t\t\t\t\t\t\t\t<\/div>\n\t\t\t\t<\/div>\n\t\t\t\t\t<\/div>\n\t\t<\/div>\n\t\t\t\t<div class=\"elementor-column elementor-col-25 elementor-top-column elementor-element elementor-element-476f962\" data-id=\"476f962\" data-element_type=\"column\" data-e-type=\"column\">\n\t\t\t<div class=\"elementor-widget-wrap elementor-element-populated\">\n\t\t\t\t\t\t<div class=\"elementor-element elementor-element-6d122c9 elementor-widget elementor-widget-image\" data-id=\"6d122c9\" data-element_type=\"widget\" data-e-type=\"widget\" data-widget_type=\"image.default\">\n\t\t\t\t<div class=\"elementor-widget-container\">\n\t\t\t\t\t\t\t\t\t\t\t\t\t\t\t<img loading=\"lazy\" decoding=\"async\" width=\"683\" height=\"1024\" src=\"https:\/\/countryfield.nl\/wp-content\/uploads\/816634-683x1024.jpg\" class=\"attachment-large size-large wp-image-26263\" alt=\"\" srcset=\"https:\/\/countryfield.nl\/wp-content\/uploads\/816634-683x1024.jpg 683w, https:\/\/countryfield.nl\/wp-content\/uploads\/816634-200x300.jpg 200w, https:\/\/countryfield.nl\/wp-content\/uploads\/816634-768x1152.jpg 768w, https:\/\/countryfield.nl\/wp-content\/uploads\/816634-1024x1536.jpg 1024w, https:\/\/countryfield.nl\/wp-content\/uploads\/816634-1080x1620.jpg 1080w, https:\/\/countryfield.nl\/wp-content\/uploads\/816634-1280x1920.jpg 1280w, https:\/\/countryfield.nl\/wp-content\/uploads\/816634-980x1470.jpg 980w, https:\/\/countryfield.nl\/wp-content\/uploads\/816634-480x720.jpg 480w, https:\/\/countryfield.nl\/wp-content\/uploads\/816634.jpg 1365w\" sizes=\"(max-width: 683px) 100vw, 683px\" \/>\t\t\t\t\t\t\t\t\t\t\t\t\t\t\t<\/div>\n\t\t\t\t<\/div>\n\t\t\t\t\t<\/div>\n\t\t<\/div>\n\t\t\t\t\t<\/div>\n\t\t<\/section>\n\t\t\t\t<section class=\"elementor-section elementor-top-section elementor-element elementor-element-2968aa6 elementor-section-boxed elementor-section-height-default elementor-section-height-default\" data-id=\"2968aa6\" data-element_type=\"section\" data-e-type=\"section\" data-settings=\"{&quot;_ha_eqh_enable&quot;:false}\">\n\t\t\t\t\t\t<div class=\"elementor-container elementor-column-gap-default\">\n\t\t\t\t\t<div class=\"elementor-column elementor-col-100 elementor-top-column elementor-element elementor-element-4147883\" data-id=\"4147883\" data-element_type=\"column\" data-e-type=\"column\">\n\t\t\t<div class=\"elementor-widget-wrap elementor-element-populated\">\n\t\t\t\t\t\t<div class=\"elementor-element elementor-element-6e06f60 elementor-widget elementor-widget-spacer\" data-id=\"6e06f60\" data-element_type=\"widget\" data-e-type=\"widget\" data-widget_type=\"spacer.default\">\n\t\t\t\t<div class=\"elementor-widget-container\">\n\t\t\t\t\t\t\t<div class=\"elementor-spacer\">\n\t\t\t<div class=\"elementor-spacer-inner\"><\/div>\n\t\t<\/div>\n\t\t\t\t\t\t<\/div>\n\t\t\t\t<\/div>\n\t\t\t\t\t<\/div>\n\t\t<\/div>\n\t\t\t\t\t<\/div>\n\t\t<\/section>\n\t\t\t\t<section class=\"elementor-section elementor-top-section elementor-element elementor-element-baaf4e6 elementor-section-boxed elementor-section-height-default elementor-section-height-default\" data-id=\"baaf4e6\" data-element_type=\"section\" data-e-type=\"section\" data-settings=\"{&quot;_ha_eqh_enable&quot;:false}\">\n\t\t\t\t\t\t<div class=\"elementor-container elementor-column-gap-default\">\n\t\t\t\t\t<div class=\"elementor-column elementor-col-100 elementor-top-column elementor-element elementor-element-5a21700\" data-id=\"5a21700\" data-element_type=\"column\" data-e-type=\"column\">\n\t\t\t<div class=\"elementor-widget-wrap elementor-element-populated\">\n\t\t\t\t\t\t<div class=\"elementor-element elementor-element-a6fe7d4 elementor-widget elementor-widget-text-editor\" data-id=\"a6fe7d4\" data-element_type=\"widget\" data-e-type=\"widget\" data-widget_type=\"text-editor.default\">\n\t\t\t\t<div class=\"elementor-widget-container\">\n\t\t\t\t\t\t\t\t\t<p data-start=\"879\" data-end=\"1157\">Ganz gleich, ob Sie einen modernen, Boho-Stil, einen Landhausstil oder einen mediterranen Gartenstil bevorzugen, unsere Solarleuchten f\u00fcgen sich nahtlos in eine Vielzahl von Au\u00dfenanlagen ein. Die Designs sind nicht nur stilvoll, sondern auch praktisch in der Anwendung und wetterfest. <\/p><p data-start=\"1159\" data-end=\"1344\">Lassen Sie sich inspirieren und verleihen Sie Ihrem Garten oder Balkon eine einzigartige Atmosph\u00e4re mit unseren Solar-Blickf\u00e4ngern.<\/p>\t\t\t\t\t\t\t\t<\/div>\n\t\t\t\t<\/div>\n\t\t\t\t\t<\/div>\n\t\t<\/div>\n\t\t\t\t\t<\/div>\n\t\t<\/section>\n\t\t\t\t<section class=\"elementor-section elementor-top-section elementor-element elementor-element-edc7486 elementor-section-boxed elementor-section-height-default elementor-section-height-default\" data-id=\"edc7486\" data-element_type=\"section\" data-e-type=\"section\" data-settings=\"{&quot;_ha_eqh_enable&quot;:false}\">\n\t\t\t\t\t\t<div class=\"elementor-container elementor-column-gap-default\">\n\t\t\t\t\t<div class=\"elementor-column elementor-col-100 elementor-top-column elementor-element elementor-element-4528761\" data-id=\"4528761\" data-element_type=\"column\" data-e-type=\"column\">\n\t\t\t<div class=\"elementor-widget-wrap elementor-element-populated\">\n\t\t\t\t\t\t<div class=\"elementor-element elementor-element-afb7f00 elementor-widget elementor-widget-spacer\" data-id=\"afb7f00\" data-element_type=\"widget\" data-e-type=\"widget\" data-widget_type=\"spacer.default\">\n\t\t\t\t<div class=\"elementor-widget-container\">\n\t\t\t\t\t\t\t<div class=\"elementor-spacer\">\n\t\t\t<div class=\"elementor-spacer-inner\"><\/div>\n\t\t<\/div>\n\t\t\t\t\t\t<\/div>\n\t\t\t\t<\/div>\n\t\t\t\t\t<\/div>\n\t\t<\/div>\n\t\t\t\t\t<\/div>\n\t\t<\/section>\n\t\t\t\t<\/div>\n\t\t","protected":false},"excerpt":{"rendered":"<p>COUNTRYFIELD SOLAR COLLECTION Neben unserer umfangreichen Kollektion an M\u00f6beln, Beleuchtung und Wohndekoration bietet Countryfield auch eine stilvolle und funktionelle Solar-Kollektion f\u00fcr den Au\u00dfenbereich. Mit dieser Kollektion kombinieren Sie Atmosph\u00e4re und Haltbarkeit auf nat\u00fcrliche Weise &#8211; ideal f\u00fcr lange Sommerabende und gem\u00fctliche Momente im Garten oder auf der Terrasse. Unsere Solarleuchten wurden mit einem Auge f\u00fcr [&hellip;]<\/p>\n","protected":false},"author":11,"featured_media":0,"parent":0,"menu_order":0,"comment_status":"closed","ping_status":"closed","template":"","meta":{"_eb_attr":"","footnotes":""},"class_list":["post-26390","page","type-page","status-publish","hentry"],"_links":{"self":[{"href":"https:\/\/countryfield.nl\/de\/wp-json\/wp\/v2\/pages\/26390","targetHints":{"allow":["GET"]}}],"collection":[{"href":"https:\/\/countryfield.nl\/de\/wp-json\/wp\/v2\/pages"}],"about":[{"href":"https:\/\/countryfield.nl\/de\/wp-json\/wp\/v2\/types\/page"}],"author":[{"embeddable":true,"href":"https:\/\/countryfield.nl\/de\/wp-json\/wp\/v2\/users\/11"}],"replies":[{"embeddable":true,"href":"https:\/\/countryfield.nl\/de\/wp-json\/wp\/v2\/comments?post=26390"}],"version-history":[{"count":3,"href":"https:\/\/countryfield.nl\/de\/wp-json\/wp\/v2\/pages\/26390\/revisions"}],"predecessor-version":[{"id":26853,"href":"https:\/\/countryfield.nl\/de\/wp-json\/wp\/v2\/pages\/26390\/revisions\/26853"}],"wp:attachment":[{"href":"https:\/\/countryfield.nl\/de\/wp-json\/wp\/v2\/media?parent=26390"}],"curies":[{"name":"wp","href":"https:\/\/api.w.org\/{rel}","templated":true}]}}