{"id":23903,"date":"2024-07-22T14:00:02","date_gmt":"2024-07-22T14:00:02","guid":{"rendered":"https:\/\/countryfield.nl\/decostar-startseite\/"},"modified":"2024-07-22T14:01:43","modified_gmt":"2024-07-22T14:01:43","slug":"decostar-startseite","status":"publish","type":"page","link":"https:\/\/countryfield.nl\/de\/decostar-startseite\/","title":{"rendered":"Decostar Startseite"},"content":{"rendered":"<p><img fetchpriority=\"high\" decoding=\"async\" width=\"1024\" height=\"200\" src=\"https:\/\/countryfield.nl\/wp-content\/uploads\/Welkom-bij-DECOSTAR-NL-1024x200.jpg\" alt=\"\" srcset=\"https:\/\/countryfield.nl\/wp-content\/uploads\/Welkom-bij-DECOSTAR-NL-980x192.jpg 980w, https:\/\/countryfield.nl\/wp-content\/uploads\/Welkom-bij-DECOSTAR-NL-480x94.jpg 480w\" sizes=\"(min-width: 0px) and (max-width: 480px) 480px, (min-width: 481px) and (max-width: 980px) 980px, (min-width: 981px) 1024px, 100vw\" \/><br \/>\n            <a href=\"#\" data-text=\"Gehen Sie!\"><br \/>\n                    B2B WEBSHOP<br \/>\n\t                        <\/a><\/p>\n<figure><img decoding=\"async\" src=\"https:\/\/countryfield.nl\/wp-content\/uploads\/Slider-header-NAJAAR-20243-768x416.jpg\" alt=\"Slider header - NAJAAR 20243\" \/><\/figure>\n<figure><img decoding=\"async\" src=\"https:\/\/countryfield.nl\/wp-content\/uploads\/Slider-header-NAJAAR-20242-768x416.jpg\" alt=\"Slider header - NAJAAR 20242\" \/><\/figure>\n<figure><img decoding=\"async\" src=\"https:\/\/countryfield.nl\/wp-content\/uploads\/Slider-header-NAJAAR-2024-768x416.jpg\" alt=\"Slider header - NAJAAR 2024\" \/><\/figure>\n<p>\t\t\t\t\t\t\t\t\t\t\t\t\t<img decoding=\"async\" width=\"1024\" height=\"555\" src=\"https:\/\/countryfield.nl\/wp-content\/uploads\/Over-ons-NJ24-1024x555.jpg\" alt=\"\" srcset=\"https:\/\/countryfield.nl\/wp-content\/uploads\/Over-ons-NJ24-980x531.jpg 980w, https:\/\/countryfield.nl\/wp-content\/uploads\/Over-ons-NJ24-480x260.jpg 480w\" sizes=\"(min-width: 0px) and (max-width: 480px) 480px, (min-width: 481px) and (max-width: 980px) 980px, (min-width: 981px) 1024px, 100vw\" \/>\t\t\t\t\t\t\t\t\t\t\t\t\t<\/p>\n<h2>WIR SIND DECOSTAR<\/h2>\n<p>Entdecken Sie unseren B2B-Webshop und finden Sie die neuesten Trends in Sachen Wohnkultur und Kleinm\u00f6bel. Entdecken Sie Marken wie Countryfield, Countryfield Ambiance, Ashleigh &amp; Burwood, Thomas Kent, Greenleaf und Village Candle.  <\/p>\n<h2>BESUCHEN SIE UNSEREN AUSSTELLUNGSRAUM<\/h2>\n<p>In unseren Ausstellungsr\u00e4umen in Apeldoorn und Br\u00fcssel betreten Sie eine inspirierende Welt voller Wohndekoration und Kleinm\u00f6bel f\u00fcr alle Einrichtungsstile. Die trendigsten Wohnaccessoires f\u00fcr drinnen und drau\u00dfen sind hier nach Themen geordnet.  <\/p>\n<p>Unsere erfahrenen Vertreter helfen Ihnen gerne dabei, die perfekte Erg\u00e4nzung f\u00fcr Ihr eigenes Sortiment zu finden. Mit unserem langj\u00e4hrigen Wissen \u00fcber Wohntrends bieten wir unsere Kollektion mit fachkundiger Beratung an. Holen Sie sich Tipps, wie Sie verschiedene St\u00fccke kombinieren k\u00f6nnen, um Ihre Kollektion zu vervollst\u00e4ndigen und den Bed\u00fcrfnissen jedes Kunden gerecht zu werden.<\/p>\n<p>Lassen Sie sich inspirieren und finden Sie alles f\u00fcr eine neue Kollektion. &lt;Erstellen Sie ein href=&#8220;\/Kontakt\/B\u00fcros\/1&#8243;&gt;&lt;&gt;&lt;Sie hier \/U&gt;&lt;&gt; \/einen Termin vereinbaren und vorbeikommen.<\/p>\n<p>\t\t\t\t\t\t\t\t\t\t\t\t\t<img decoding=\"async\" width=\"720\" height=\"405\" src=\"https:\/\/countryfield.nl\/wp-content\/uploads\/Showroom-video-Button-2-EN.gif\" alt=\"\" \/><br \/>\n\t\t\t\t\t\t\t\t\t\t\t\t\t<img decoding=\"async\" width=\"1024\" height=\"555\" src=\"https:\/\/countryfield.nl\/wp-content\/uploads\/Over-ons-NJ24-1024x555.jpg\" alt=\"\" srcset=\"https:\/\/countryfield.nl\/wp-content\/uploads\/Over-ons-NJ24-980x531.jpg 980w, https:\/\/countryfield.nl\/wp-content\/uploads\/Over-ons-NJ24-480x260.jpg 480w\" sizes=\"(min-width: 0px) and (max-width: 480px) 480px, (min-width: 481px) and (max-width: 980px) 980px, (min-width: 981px) 1024px, 100vw\" \/>\t\t\t\t\t\t\t\t\t\t\t\t\t<\/p>\n<h2>WIR SIND DECOSTAR<\/h2>\n<p>Entdecken Sie unseren B2B-Webshop und finden Sie die neuesten Trends in Sachen Wohnkultur und Kleinm\u00f6bel. Entdecken Sie Marken wie Countryfield, Countryfield Ambiance, Ashleigh &amp; Burwood, Thomas Kent, Greenleaf und Village Candle.  <\/p>\n","protected":false},"excerpt":{"rendered":"<p>B2B WEBSHOP WIR SIND DECOSTAR Entdecken Sie unseren B2B-Webshop und finden Sie die neuesten Trends in Sachen Wohnkultur und Kleinm\u00f6bel. Entdecken Sie Marken wie Countryfield, Countryfield Ambiance, Ashleigh &amp; Burwood, Thomas Kent, Greenleaf und Village Candle. BESUCHEN SIE UNSEREN AUSSTELLUNGSRAUM In unseren Ausstellungsr\u00e4umen in Apeldoorn und Br\u00fcssel betreten Sie eine inspirierende Welt voller Wohndekoration und [&hellip;]<\/p>\n","protected":false},"author":11,"featured_media":0,"parent":0,"menu_order":0,"comment_status":"closed","ping_status":"closed","template":"","meta":{"_eb_attr":"","footnotes":""},"class_list":["post-23903","page","type-page","status-publish","hentry"],"_links":{"self":[{"href":"https:\/\/countryfield.nl\/de\/wp-json\/wp\/v2\/pages\/23903","targetHints":{"allow":["GET"]}}],"collection":[{"href":"https:\/\/countryfield.nl\/de\/wp-json\/wp\/v2\/pages"}],"about":[{"href":"https:\/\/countryfield.nl\/de\/wp-json\/wp\/v2\/types\/page"}],"author":[{"embeddable":true,"href":"https:\/\/countryfield.nl\/de\/wp-json\/wp\/v2\/users\/11"}],"replies":[{"embeddable":true,"href":"https:\/\/countryfield.nl\/de\/wp-json\/wp\/v2\/comments?post=23903"}],"version-history":[{"count":3,"href":"https:\/\/countryfield.nl\/de\/wp-json\/wp\/v2\/pages\/23903\/revisions"}],"predecessor-version":[{"id":23917,"href":"https:\/\/countryfield.nl\/de\/wp-json\/wp\/v2\/pages\/23903\/revisions\/23917"}],"wp:attachment":[{"href":"https:\/\/countryfield.nl\/de\/wp-json\/wp\/v2\/media?parent=23903"}],"curies":[{"name":"wp","href":"https:\/\/api.w.org\/{rel}","templated":true}]}}