{"id":23433,"date":"2024-02-20T13:12:11","date_gmt":"2024-02-20T13:12:11","guid":{"rendered":"https:\/\/countryfield.nl\/fruehling\/"},"modified":"2026-01-15T08:07:05","modified_gmt":"2026-01-15T08:07:05","slug":"fruehling","status":"publish","type":"page","link":"https:\/\/countryfield.nl\/de\/fruehling\/","title":{"rendered":"Fr\u00fchling"},"content":{"rendered":"\t\t<div data-elementor-type=\"wp-page\" data-elementor-id=\"23433\" class=\"elementor elementor-23433 elementor-22634\" data-elementor-settings=\"{&quot;ha_cmc_init_switcher&quot;:&quot;no&quot;}\">\n\t\t\t\t\t\t<section class=\"elementor-section elementor-top-section elementor-element elementor-element-f1ecd28 elementor-section-boxed elementor-section-height-default elementor-section-height-default\" data-id=\"f1ecd28\" data-element_type=\"section\" data-e-type=\"section\" data-settings=\"{&quot;_ha_eqh_enable&quot;:false}\">\n\t\t\t\t\t\t<div class=\"elementor-container elementor-column-gap-default\">\n\t\t\t\t\t<div class=\"elementor-column elementor-col-100 elementor-top-column elementor-element elementor-element-23db969\" data-id=\"23db969\" data-element_type=\"column\" data-e-type=\"column\">\n\t\t\t<div class=\"elementor-widget-wrap elementor-element-populated\">\n\t\t\t\t\t\t<div class=\"elementor-element elementor-element-3fa3f60 elementor-widget elementor-widget-heading\" data-id=\"3fa3f60\" data-element_type=\"widget\" data-e-type=\"widget\" data-widget_type=\"heading.default\">\n\t\t\t\t<div class=\"elementor-widget-container\">\n\t\t\t\t\t<h2 class=\"elementor-heading-title elementor-size-default\">Countryfield Fr\u00fchjahrskollektion<\/h2>\t\t\t\t<\/div>\n\t\t\t\t<\/div>\n\t\t\t\t<div class=\"elementor-element elementor-element-3569013 elementor-widget elementor-widget-text-editor\" data-id=\"3569013\" data-element_type=\"widget\" data-e-type=\"widget\" data-widget_type=\"text-editor.default\">\n\t\t\t\t<div class=\"elementor-widget-container\">\n\t\t\t\t\t\t\t\t\t<p><strong data-start=\"142\" data-end=\"190\">Frisch, leicht und bereit f\u00fcr die neue Saison!<\/strong><br data-start=\"194\" data-end=\"197\">\u00d6ffnen Sie die Fenster und lassen Sie den Fr\u00fchling herein! Die <strong data-start=\"247\" data-end=\"282\">Countryfield Fr\u00fchlingskollektion<\/strong> ist voller frischer Pastellt\u00f6ne, nat\u00fcrlicher Materialien und Accessoires, die Ihr Haus und Ihren Garten sofort aufpeppen werden. F\u00fcllen Sie unsere stilvollen Vasen mit frischen Tulpen, stellen Sie ein paar elegante Laternen f\u00fcr die ersten langen Abende im Freien auf und bringen Sie mit fr\u00f6hlichen Kissen und Dekoartikeln Farbe in Ihr Zuhause. Vom Wohnzimmer bis zur Terrasse: Mit dieser Kollektion k\u00f6nnen Sie im Handumdrehen einen leichten, frischen Look kreieren, der zum Fr\u00fchling passt.   <\/p>\t\t\t\t\t\t\t\t<\/div>\n\t\t\t\t<\/div>\n\t\t\t\t\t<\/div>\n\t\t<\/div>\n\t\t\t\t\t<\/div>\n\t\t<\/section>\n\t\t\t\t<section class=\"elementor-section elementor-top-section elementor-element elementor-element-6612ac5 elementor-section-boxed elementor-section-height-default elementor-section-height-default\" data-id=\"6612ac5\" data-element_type=\"section\" data-e-type=\"section\" data-settings=\"{&quot;_ha_eqh_enable&quot;:false}\">\n\t\t\t\t\t\t<div class=\"elementor-container elementor-column-gap-default\">\n\t\t\t\t\t<div class=\"elementor-column elementor-col-25 elementor-top-column elementor-element elementor-element-8e799db\" data-id=\"8e799db\" data-element_type=\"column\" data-e-type=\"column\">\n\t\t\t<div class=\"elementor-widget-wrap elementor-element-populated\">\n\t\t\t\t\t\t<div class=\"elementor-element elementor-element-da7e509 elementor-widget elementor-widget-image\" data-id=\"da7e509\" data-element_type=\"widget\" data-e-type=\"widget\" data-widget_type=\"image.default\">\n\t\t\t\t<div class=\"elementor-widget-container\">\n\t\t\t\t\t\t\t\t\t\t\t\t\t\t\t<img decoding=\"async\" src=\"https:\/\/countryfield.nl\/wp-content\/uploads\/elementor\/thumbs\/SS26_DECOSTAR-2-scaled-rhoku7j981b0wezn9b5q9yq56do4h6q35c9o56dtqk.jpg\" title=\"SS26_DECOSTAR 2\" alt=\"SS26_DECOSTAR 2\" loading=\"lazy\" \/>\t\t\t\t\t\t\t\t\t\t\t\t\t\t\t<\/div>\n\t\t\t\t<\/div>\n\t\t\t\t\t<\/div>\n\t\t<\/div>\n\t\t\t\t<div class=\"elementor-column elementor-col-25 elementor-top-column elementor-element elementor-element-7eb9a64\" data-id=\"7eb9a64\" data-element_type=\"column\" data-e-type=\"column\">\n\t\t\t<div class=\"elementor-widget-wrap elementor-element-populated\">\n\t\t\t\t\t\t<div class=\"elementor-element elementor-element-2ac881a elementor-widget elementor-widget-image\" data-id=\"2ac881a\" data-element_type=\"widget\" data-e-type=\"widget\" data-widget_type=\"image.default\">\n\t\t\t\t<div class=\"elementor-widget-container\">\n\t\t\t\t\t\t\t\t\t\t\t\t\t\t\t<img decoding=\"async\" src=\"https:\/\/countryfield.nl\/wp-content\/uploads\/elementor\/thumbs\/SS26_DECOSTAR-5-scaled-re9748yylhksgvibeb35y60sdg2tm20z04bsr8m40c.jpg\" title=\"SS26_DECOSTAR 5\" alt=\"SS26_DECOSTAR 5\" loading=\"lazy\" \/>\t\t\t\t\t\t\t\t\t\t\t\t\t\t\t<\/div>\n\t\t\t\t<\/div>\n\t\t\t\t\t<\/div>\n\t\t<\/div>\n\t\t\t\t<div class=\"elementor-column elementor-col-25 elementor-top-column elementor-element elementor-element-2d05918\" data-id=\"2d05918\" data-element_type=\"column\" data-e-type=\"column\">\n\t\t\t<div class=\"elementor-widget-wrap elementor-element-populated\">\n\t\t\t\t\t\t<div class=\"elementor-element elementor-element-679d24d elementor-widget elementor-widget-image\" data-id=\"679d24d\" data-element_type=\"widget\" data-e-type=\"widget\" data-widget_type=\"image.default\">\n\t\t\t\t<div class=\"elementor-widget-container\">\n\t\t\t\t\t\t\t\t\t\t\t\t\t\t\t<img decoding=\"async\" src=\"https:\/\/countryfield.nl\/wp-content\/uploads\/elementor\/thumbs\/822549-822548-822544-822545-822546-822547-822543-822542-822541-822540-822526-822527-822528-822529-822525-822524-822523-822522-822520-822521-822489-scaled-ra5adlv6xzjfvwv03z1m3msenuuovxgsnj7h668mh8.jpg\" title=\"822549-822548-822544-822545-822546-822547-822543-822542-822541-822540-822526-822527-822528-822529-822525-822524-822523-822522-822520-822521-822489\" alt=\"822549-822548-822544-822545-822546-822547-822543-822542-822541-822540-822526-822527-822528-822529-822525-822524-822523-822522-822520-822521-822489\" loading=\"lazy\" \/>\t\t\t\t\t\t\t\t\t\t\t\t\t\t\t<\/div>\n\t\t\t\t<\/div>\n\t\t\t\t\t<\/div>\n\t\t<\/div>\n\t\t\t\t<div class=\"elementor-column elementor-col-25 elementor-top-column elementor-element elementor-element-2a3ce80\" data-id=\"2a3ce80\" data-element_type=\"column\" data-e-type=\"column\">\n\t\t\t<div class=\"elementor-widget-wrap elementor-element-populated\">\n\t\t\t\t\t\t<div class=\"elementor-element elementor-element-ac87b4c elementor-widget elementor-widget-image\" data-id=\"ac87b4c\" data-element_type=\"widget\" data-e-type=\"widget\" data-widget_type=\"image.default\">\n\t\t\t\t<div class=\"elementor-widget-container\">\n\t\t\t\t\t\t\t\t\t\t\t\t\t\t\t<img decoding=\"async\" src=\"https:\/\/countryfield.nl\/wp-content\/uploads\/elementor\/thumbs\/SS26_DECOSTAR-1-scaled-rhokuvz25q8haa05alq12sk4mebo1bf3wp8amddl8s.jpg\" title=\"SS26_DECOSTAR 1\" alt=\"SS26_DECOSTAR 1\" loading=\"lazy\" \/>\t\t\t\t\t\t\t\t\t\t\t\t\t\t\t<\/div>\n\t\t\t\t<\/div>\n\t\t\t\t\t<\/div>\n\t\t<\/div>\n\t\t\t\t\t<\/div>\n\t\t<\/section>\n\t\t\t\t<section class=\"elementor-section elementor-top-section elementor-element elementor-element-201158e elementor-section-boxed elementor-section-height-default elementor-section-height-default\" data-id=\"201158e\" data-element_type=\"section\" data-e-type=\"section\" data-settings=\"{&quot;_ha_eqh_enable&quot;:false}\">\n\t\t\t\t\t\t<div class=\"elementor-container elementor-column-gap-default\">\n\t\t\t\t\t<div class=\"elementor-column elementor-col-100 elementor-top-column elementor-element elementor-element-1ec350d\" data-id=\"1ec350d\" data-element_type=\"column\" data-e-type=\"column\">\n\t\t\t<div class=\"elementor-widget-wrap elementor-element-populated\">\n\t\t\t\t\t\t<div class=\"elementor-element elementor-element-d04f831 elementor-widget elementor-widget-text-editor\" data-id=\"d04f831\" data-element_type=\"widget\" data-e-type=\"widget\" data-widget_type=\"text-editor.default\">\n\t\t\t\t<div class=\"elementor-widget-container\">\n\t\t\t\t\t\t\t\t\t<p data-start=\"129\" data-end=\"560\">Neben frischen Wohnaccessoires finden Sie in der <strong data-start=\"172\" data-end=\"207\">Countryfield Fr\u00fchlingskollektion<\/strong> alles, um die Saison richtig zu feiern. Die <strong data-start=\"248\" data-end=\"265\">Osterkollektion<\/strong> bringt fr\u00f6hliche Tischdekorationen und charmante Figuren, die Ihren Esstisch sofort in Fr\u00fchlingsstimmung versetzen. Unsere <strong data-start=\"395\" data-end=\"411\">Kunstblumen<\/strong> sehen so echt aus, dass Sie sie Jahr f\u00fcr Jahr verwenden k\u00f6nnen &#8211; perfekt in Kombination mit unseren <strong data-start=\"511\" data-end=\"526\">sch\u00f6nen Vasen<\/strong> aus Glas, Keramik oder Keramik.  <\/p><p data-start=\"562\" data-end=\"986\">F\u00fcr zus\u00e4tzliche Atmosph\u00e4re gibt es <strong data-start=\"587\" data-end=\"601\">Kerzenst\u00e4nder<\/strong> in verschiedenen Stilen, von schlicht und modern bis hin zu rustikal und robust. Vervollst\u00e4ndigen Sie Ihr Interieur oder Ihren Garten mit <strong data-start=\"707\" data-end=\"722\">Blument\u00f6pfen<\/strong> in verschiedenen Gr\u00f6\u00dfen, ideal f\u00fcr Pflanzen oder bunte Blumen. Und wollen Sie den Fr\u00fchling auch drau\u00dfen genie\u00dfen? Mit unseren <strong data-start=\"857\" data-end=\"871\">Bistro-Sets<\/strong> k\u00f6nnen Sie im Handumdrehen ein gem\u00fctliches Pl\u00e4tzchen f\u00fcr eine Tasse Kaffee in der Sonne oder ein entspanntes Fr\u00fchst\u00fcck im Freien schaffen.   <\/p><p data-start=\"988\" data-end=\"1256\"><strong data-start=\"1014\" data-end=\"1033\">SOLAR Kollektion<\/strong>: stilvolle Au\u00dfenbeleuchtung mit Solarenergie. Von eleganten Laternen bis hin zu verspielten Lichtergirlanden &#8211; ideal, um Ihre Terrasse, Ihren Balkon oder Ihren Garten nachts zu beleuchten, ohne l\u00e4stige Kabel oder Steckdosen. <\/p><p data-start=\"1258\" data-end=\"1377\">Diese Kollektion macht Ihr Haus und Ihren Garten absolut fr\u00fchlingsfest &#8211; stilvoll, frisch und bereit f\u00fcr die neue Saison.<\/p>\t\t\t\t\t\t\t\t<\/div>\n\t\t\t\t<\/div>\n\t\t\t\t\t<\/div>\n\t\t<\/div>\n\t\t\t\t\t<\/div>\n\t\t<\/section>\n\t\t\t\t<section class=\"elementor-section elementor-top-section elementor-element elementor-element-1089e9d elementor-section-boxed elementor-section-height-default elementor-section-height-default\" data-id=\"1089e9d\" data-element_type=\"section\" data-e-type=\"section\" data-settings=\"{&quot;_ha_eqh_enable&quot;:false}\">\n\t\t\t\t\t\t<div class=\"elementor-container elementor-column-gap-default\">\n\t\t\t\t\t<div class=\"elementor-column elementor-col-33 elementor-top-column elementor-element elementor-element-978cf3d\" data-id=\"978cf3d\" data-element_type=\"column\" data-e-type=\"column\">\n\t\t\t<div class=\"elementor-widget-wrap elementor-element-populated\">\n\t\t\t\t\t\t<div class=\"elementor-element elementor-element-d36fc17 elementor-widget elementor-widget-image\" data-id=\"d36fc17\" data-element_type=\"widget\" data-e-type=\"widget\" data-widget_type=\"image.default\">\n\t\t\t\t<div class=\"elementor-widget-container\">\n\t\t\t\t\t\t\t\t\t\t\t\t\t\t\t<img decoding=\"async\" src=\"https:\/\/countryfield.nl\/wp-content\/uploads\/elementor\/thumbs\/796905-828570-828571-828579-828581-829134-829143-829581-829757-829759-829900-833023-833025-833028-828041-1-scaled-rholkuamv1rhuoazqtl6x8sb3eeikggat5oxnew9fw.jpg\" title=\"796905-828570-828571-828579-828581-829134-829143-829581-829757-829759-829900-833023-833025-833028-828041\" alt=\"796905-828570-828571-828579-828581-829134-829143-829581-829757-829759-829900-833023-833025-833028-828041\" loading=\"lazy\" \/>\t\t\t\t\t\t\t\t\t\t\t\t\t\t\t<\/div>\n\t\t\t\t<\/div>\n\t\t\t\t\t<\/div>\n\t\t<\/div>\n\t\t\t\t<div class=\"elementor-column elementor-col-33 elementor-top-column elementor-element elementor-element-998ca46\" data-id=\"998ca46\" data-element_type=\"column\" data-e-type=\"column\">\n\t\t\t<div class=\"elementor-widget-wrap elementor-element-populated\">\n\t\t\t\t\t\t<div class=\"elementor-element elementor-element-5bbfc70 elementor-widget elementor-widget-image\" data-id=\"5bbfc70\" data-element_type=\"widget\" data-e-type=\"widget\" data-widget_type=\"image.default\">\n\t\t\t\t<div class=\"elementor-widget-container\">\n\t\t\t\t\t\t\t\t\t\t\t\t\t\t\t<img decoding=\"async\" src=\"https:\/\/countryfield.nl\/wp-content\/uploads\/elementor\/thumbs\/828041-828571-scaled-reldxv5ku7bmu4l8ewx7voz87vmzytguz26sj9bx70.jpg\" title=\"828041-828571\" alt=\"828041-828571\" loading=\"lazy\" \/>\t\t\t\t\t\t\t\t\t\t\t\t\t\t\t<\/div>\n\t\t\t\t<\/div>\n\t\t\t\t\t<\/div>\n\t\t<\/div>\n\t\t\t\t<div class=\"elementor-column elementor-col-33 elementor-top-column elementor-element elementor-element-6b4d7c8\" data-id=\"6b4d7c8\" data-element_type=\"column\" data-e-type=\"column\">\n\t\t\t<div class=\"elementor-widget-wrap elementor-element-populated\">\n\t\t\t\t\t\t<div class=\"elementor-element elementor-element-5c8b47e elementor-widget elementor-widget-image\" data-id=\"5c8b47e\" data-element_type=\"widget\" data-e-type=\"widget\" data-widget_type=\"image.default\">\n\t\t\t\t<div class=\"elementor-widget-container\">\n\t\t\t\t\t\t\t\t\t\t\t\t\t\t\t<img decoding=\"async\" src=\"https:\/\/countryfield.nl\/wp-content\/uploads\/elementor\/thumbs\/829289-scaled-rholkg720j870ivh15hsduce6mc0czwbr7wng9h618.jpg\" title=\"829289\" alt=\"829289\" loading=\"lazy\" \/>\t\t\t\t\t\t\t\t\t\t\t\t\t\t\t<\/div>\n\t\t\t\t<\/div>\n\t\t\t\t\t<\/div>\n\t\t<\/div>\n\t\t\t\t\t<\/div>\n\t\t<\/section>\n\t\t\t\t<\/div>\n\t\t","protected":false},"excerpt":{"rendered":"<p>Countryfield Fr\u00fchjahrskollektion Frisch, leicht und bereit f\u00fcr die neue Saison!\u00d6ffnen Sie die Fenster und lassen Sie den Fr\u00fchling herein! Die Countryfield Fr\u00fchlingskollektion ist voller frischer Pastellt\u00f6ne, nat\u00fcrlicher Materialien und Accessoires, die Ihr Haus und Ihren Garten sofort aufpeppen werden. F\u00fcllen Sie unsere stilvollen Vasen mit frischen Tulpen, stellen Sie ein paar elegante Laternen f\u00fcr die [&hellip;]<\/p>\n","protected":false},"author":11,"featured_media":0,"parent":0,"menu_order":0,"comment_status":"closed","ping_status":"closed","template":"","meta":{"_eb_attr":"","footnotes":""},"class_list":["post-23433","page","type-page","status-publish","hentry"],"_links":{"self":[{"href":"https:\/\/countryfield.nl\/de\/wp-json\/wp\/v2\/pages\/23433","targetHints":{"allow":["GET"]}}],"collection":[{"href":"https:\/\/countryfield.nl\/de\/wp-json\/wp\/v2\/pages"}],"about":[{"href":"https:\/\/countryfield.nl\/de\/wp-json\/wp\/v2\/types\/page"}],"author":[{"embeddable":true,"href":"https:\/\/countryfield.nl\/de\/wp-json\/wp\/v2\/users\/11"}],"replies":[{"embeddable":true,"href":"https:\/\/countryfield.nl\/de\/wp-json\/wp\/v2\/comments?post=23433"}],"version-history":[{"count":20,"href":"https:\/\/countryfield.nl\/de\/wp-json\/wp\/v2\/pages\/23433\/revisions"}],"predecessor-version":[{"id":27584,"href":"https:\/\/countryfield.nl\/de\/wp-json\/wp\/v2\/pages\/23433\/revisions\/27584"}],"wp:attachment":[{"href":"https:\/\/countryfield.nl\/de\/wp-json\/wp\/v2\/media?parent=23433"}],"curies":[{"name":"wp","href":"https:\/\/api.w.org\/{rel}","templated":true}]}}