{"id":14470,"date":"2021-04-19T10:30:03","date_gmt":"2021-04-19T10:30:03","guid":{"rendered":"https:\/\/countryfield.nl\/?page_id=14470"},"modified":"2025-08-13T07:47:48","modified_gmt":"2025-08-13T07:47:48","slug":"ambiance-collectie","status":"publish","type":"page","link":"https:\/\/countryfield.nl\/de\/ambiance-collectie\/","title":{"rendered":"Kollektion Ambiance"},"content":{"rendered":"\t\t<div data-elementor-type=\"wp-page\" data-elementor-id=\"14470\" class=\"elementor elementor-14470 elementor-14211\" data-elementor-settings=\"{&quot;ha_cmc_init_switcher&quot;:&quot;no&quot;}\">\n\t\t\t\t\t\t<section class=\"elementor-section elementor-top-section elementor-element elementor-element-af4e05f elementor-section-boxed elementor-section-height-default elementor-section-height-default\" data-id=\"af4e05f\" data-element_type=\"section\" data-e-type=\"section\" data-settings=\"{&quot;_ha_eqh_enable&quot;:false}\">\n\t\t\t\t\t\t<div class=\"elementor-container elementor-column-gap-default\">\n\t\t\t\t\t<div class=\"elementor-column elementor-col-100 elementor-top-column elementor-element elementor-element-f9affc6\" data-id=\"f9affc6\" data-element_type=\"column\" data-e-type=\"column\">\n\t\t\t<div class=\"elementor-widget-wrap elementor-element-populated\">\n\t\t\t\t\t\t<div class=\"elementor-element elementor-element-3932a1f elementor-widget elementor-widget-spacer\" data-id=\"3932a1f\" data-element_type=\"widget\" data-e-type=\"widget\" data-widget_type=\"spacer.default\">\n\t\t\t\t<div class=\"elementor-widget-container\">\n\t\t\t\t\t\t\t<div class=\"elementor-spacer\">\n\t\t\t<div class=\"elementor-spacer-inner\"><\/div>\n\t\t<\/div>\n\t\t\t\t\t\t<\/div>\n\t\t\t\t<\/div>\n\t\t\t\t\t<\/div>\n\t\t<\/div>\n\t\t\t\t\t<\/div>\n\t\t<\/section>\n\t\t\t\t<section class=\"elementor-section elementor-top-section elementor-element elementor-element-cdad0ab elementor-section-boxed elementor-section-height-default elementor-section-height-default\" data-id=\"cdad0ab\" data-element_type=\"section\" data-e-type=\"section\" data-settings=\"{&quot;_ha_eqh_enable&quot;:false}\">\n\t\t\t\t\t\t<div class=\"elementor-container elementor-column-gap-default\">\n\t\t\t\t\t<div class=\"elementor-column elementor-col-50 elementor-top-column elementor-element elementor-element-a7a9ecc\" data-id=\"a7a9ecc\" data-element_type=\"column\" data-e-type=\"column\">\n\t\t\t<div class=\"elementor-widget-wrap elementor-element-populated\">\n\t\t\t\t\t\t<div class=\"elementor-element elementor-element-c5e016f elementor-widget elementor-widget-heading\" data-id=\"c5e016f\" data-element_type=\"widget\" data-e-type=\"widget\" data-widget_type=\"heading.default\">\n\t\t\t\t<div class=\"elementor-widget-container\">\n\t\t\t\t\t<h3 class=\"elementor-heading-title elementor-size-default\">AMBIENTE-KOLLEKTION<\/h3>\t\t\t\t<\/div>\n\t\t\t\t<\/div>\n\t\t\t\t<div class=\"elementor-element elementor-element-d506cdf elementor-widget elementor-widget-text-editor\" data-id=\"d506cdf\" data-element_type=\"widget\" data-e-type=\"widget\" data-widget_type=\"text-editor.default\">\n\t\t\t\t<div class=\"elementor-widget-container\">\n\t\t\t\t\t\t\t\t\t<p><br>Lassen Sie sich von den bezaubernden D\u00fcften von Countryfield Ambiance verf\u00fchren und verwandeln Sie Ihr Zuhause in eine Oase duftender Eleganz. Unsere eigene Duftmarke Countryfield Ambiance umfasst eine wundersch\u00f6ne Kollektion von 10 verschiedenen D\u00fcften, die alle Sinne anregen und eine entspannende Atmosph\u00e4re schaffen sollen. Diese schicke Duftkollektion ist nicht nur ein Genuss f\u00fcr die Nase, sondern auch ein optisches Schmuckst\u00fcck, das jeden Raum im Haus attraktiver macht.<\/p><p>Bei Countryfield Ambiance streben wir nach ehrlichen Duftprodukten, die jedes Zuhause bereichern. Unsere Kollektion umfasst eine Reihe von Optionen, darunter Duftkerzen, Duftst\u00e4bchen, Brauseb\u00e4lle und Handseife, die in verschiedenen D\u00fcften und Gr\u00f6\u00dfen erh\u00e4ltlich sind.<\/p>\t\t\t\t\t\t\t\t<\/div>\n\t\t\t\t<\/div>\n\t\t\t\t\t<\/div>\n\t\t<\/div>\n\t\t\t\t<div class=\"elementor-column elementor-col-50 elementor-top-column elementor-element elementor-element-362a98e\" data-id=\"362a98e\" data-element_type=\"column\" data-e-type=\"column\">\n\t\t\t<div class=\"elementor-widget-wrap elementor-element-populated\">\n\t\t\t\t\t\t<div class=\"elementor-element elementor-element-d8de373 elementor-widget elementor-widget-image\" data-id=\"d8de373\" data-element_type=\"widget\" data-e-type=\"widget\" data-widget_type=\"image.default\">\n\t\t\t\t<div class=\"elementor-widget-container\">\n\t\t\t\t\t\t\t\t\t\t\t\t\t\t\t<img decoding=\"async\" src=\"https:\/\/countryfield.nl\/wp-content\/uploads\/elementor\/thumbs\/791070_5-qxdvuic1cwqx7h143lknlco1ea0he5insb64qex204.jpg\" title=\"791070_5\" alt=\"791070_5\" loading=\"lazy\" \/>\t\t\t\t\t\t\t\t\t\t\t\t\t\t\t<\/div>\n\t\t\t\t<\/div>\n\t\t\t\t\t<\/div>\n\t\t<\/div>\n\t\t\t\t\t<\/div>\n\t\t<\/section>\n\t\t\t\t<section class=\"elementor-section elementor-top-section elementor-element elementor-element-b4a89c9 elementor-section-boxed elementor-section-height-default elementor-section-height-default\" data-id=\"b4a89c9\" data-element_type=\"section\" data-e-type=\"section\" data-settings=\"{&quot;_ha_eqh_enable&quot;:false}\">\n\t\t\t\t\t\t<div class=\"elementor-container elementor-column-gap-default\">\n\t\t\t\t\t<div class=\"elementor-column elementor-col-100 elementor-top-column elementor-element elementor-element-9f7fea3\" data-id=\"9f7fea3\" data-element_type=\"column\" data-e-type=\"column\">\n\t\t\t<div class=\"elementor-widget-wrap elementor-element-populated\">\n\t\t\t\t\t\t<div class=\"elementor-element elementor-element-98a15c8 elementor-widget elementor-widget-spacer\" data-id=\"98a15c8\" data-element_type=\"widget\" data-e-type=\"widget\" data-widget_type=\"spacer.default\">\n\t\t\t\t<div class=\"elementor-widget-container\">\n\t\t\t\t\t\t\t<div class=\"elementor-spacer\">\n\t\t\t<div class=\"elementor-spacer-inner\"><\/div>\n\t\t<\/div>\n\t\t\t\t\t\t<\/div>\n\t\t\t\t<\/div>\n\t\t\t\t\t<\/div>\n\t\t<\/div>\n\t\t\t\t\t<\/div>\n\t\t<\/section>\n\t\t\t\t<section class=\"elementor-section elementor-top-section elementor-element elementor-element-ebe81f1 elementor-section-boxed elementor-section-height-default elementor-section-height-default\" data-id=\"ebe81f1\" data-element_type=\"section\" data-e-type=\"section\" data-settings=\"{&quot;_ha_eqh_enable&quot;:false}\">\n\t\t\t\t\t\t<div class=\"elementor-container elementor-column-gap-default\">\n\t\t\t\t\t<div class=\"elementor-column elementor-col-50 elementor-top-column elementor-element elementor-element-145dd4c\" data-id=\"145dd4c\" data-element_type=\"column\" data-e-type=\"column\">\n\t\t\t<div class=\"elementor-widget-wrap elementor-element-populated\">\n\t\t\t\t\t\t<div class=\"elementor-element elementor-element-5dad41a elementor-widget elementor-widget-image\" data-id=\"5dad41a\" data-element_type=\"widget\" data-e-type=\"widget\" data-widget_type=\"image.default\">\n\t\t\t\t<div class=\"elementor-widget-container\">\n\t\t\t\t\t\t\t\t\t\t\t\t\t\t\t<img decoding=\"async\" src=\"https:\/\/countryfield.nl\/wp-content\/uploads\/elementor\/thumbs\/791413-791410-791416-791419-791401-791404-791422-791407-793331-797245-792452-scaled-qsziae9qljnd8uwq0zcblywhoq5yyv5fp09x8h8ijo.jpg\" title=\"791413-791410-791416-791419-791401-791404-791422-791407-793331-797245-792452\" alt=\"791413-791410-791416-791419-791401-791404-791422-791407-793331-797245-792452\" loading=\"lazy\" \/>\t\t\t\t\t\t\t\t\t\t\t\t\t\t\t<\/div>\n\t\t\t\t<\/div>\n\t\t\t\t\t<\/div>\n\t\t<\/div>\n\t\t\t\t<div class=\"elementor-column elementor-col-50 elementor-top-column elementor-element elementor-element-374e6d5\" data-id=\"374e6d5\" data-element_type=\"column\" data-e-type=\"column\">\n\t\t\t<div class=\"elementor-widget-wrap elementor-element-populated\">\n\t\t\t\t\t\t<div class=\"elementor-element elementor-element-a82da7d elementor-widget elementor-widget-heading\" data-id=\"a82da7d\" data-element_type=\"widget\" data-e-type=\"widget\" data-widget_type=\"heading.default\">\n\t\t\t\t<div class=\"elementor-widget-container\">\n\t\t\t\t\t<h1 class=\"elementor-heading-title elementor-size-default\">KOLLEKTION<\/h1>\t\t\t\t<\/div>\n\t\t\t\t<\/div>\n\t\t\t\t<div class=\"elementor-element elementor-element-61b577e elementor-widget elementor-widget-text-editor\" data-id=\"61b577e\" data-element_type=\"widget\" data-e-type=\"widget\" data-widget_type=\"text-editor.default\">\n\t\t\t\t<div class=\"elementor-widget-container\">\n\t\t\t\t\t\t\t\t\t<p><br>Die Ambiance-Kollektion umfasst 3 Gr\u00f6\u00dfen von Duftkerzen aus Soja, 2 Gr\u00f6\u00dfen von Duftst\u00e4bchen, eine Seifenblase, Handseife und Streichh\u00f6lzer. Die Kerzensammlung und die Streichh\u00f6lzer sind biologisch abbaubar und daher umweltfreundlich. Die Duftkerzen und Duftst\u00e4bchen haben eine starke, aber angenehme Duftabgabe und sind in 10 k\u00f6stlichen D\u00fcften erh\u00e4ltlich, die Ihre Sinne stimulieren.<\/p><p>Unsere Duftkerzen werden aus nat\u00fcrlichem Sojawachs hergestellt, einem erneuerbaren und biologisch abbaubaren Rohstoff. Sie brennen l\u00e4nger und ru\u00dfen kaum im Vergleich zu Paraffinkerzen. Au\u00dferdem verbreiten sie Ger\u00fcche dank ihres niedrigeren Brennpunkts schneller und l\u00e4nger, und sie lassen sich mit Wasser und Seife leicht von Oberfl\u00e4chen entfernen.<\/p><p>Unser Engagement f\u00fcr Nachhaltigkeit erstreckt sich auf alle unsere Produkte. Unsere Duftkerzen und Streichh\u00f6lzer sind biologisch abbaubar, unsere Handseife ist vegan und tierversuchsfrei, und unsere Brauseb\u00e4lle sind tierversuchsfrei, vegan und frei von Parabenen, Silikonen und SLS\/SLES.<\/p>\t\t\t\t\t\t\t\t<\/div>\n\t\t\t\t<\/div>\n\t\t\t\t\t<\/div>\n\t\t<\/div>\n\t\t\t\t\t<\/div>\n\t\t<\/section>\n\t\t\t\t<section class=\"elementor-section elementor-top-section elementor-element elementor-element-9ec5ced elementor-section-boxed elementor-section-height-default elementor-section-height-default\" data-id=\"9ec5ced\" data-element_type=\"section\" data-e-type=\"section\" data-settings=\"{&quot;_ha_eqh_enable&quot;:false}\">\n\t\t\t\t\t\t<div class=\"elementor-container elementor-column-gap-default\">\n\t\t\t\t\t<div class=\"elementor-column elementor-col-100 elementor-top-column elementor-element elementor-element-3bb20ef\" data-id=\"3bb20ef\" data-element_type=\"column\" data-e-type=\"column\">\n\t\t\t<div class=\"elementor-widget-wrap elementor-element-populated\">\n\t\t\t\t\t\t<div class=\"elementor-element elementor-element-488bf15 elementor-widget elementor-widget-spacer\" data-id=\"488bf15\" data-element_type=\"widget\" data-e-type=\"widget\" data-widget_type=\"spacer.default\">\n\t\t\t\t<div class=\"elementor-widget-container\">\n\t\t\t\t\t\t\t<div class=\"elementor-spacer\">\n\t\t\t<div class=\"elementor-spacer-inner\"><\/div>\n\t\t<\/div>\n\t\t\t\t\t\t<\/div>\n\t\t\t\t<\/div>\n\t\t\t\t\t<\/div>\n\t\t<\/div>\n\t\t\t\t\t<\/div>\n\t\t<\/section>\n\t\t\t\t<section class=\"elementor-section elementor-top-section elementor-element elementor-element-f8561e1 elementor-section-boxed elementor-section-height-default elementor-section-height-default\" data-id=\"f8561e1\" data-element_type=\"section\" data-e-type=\"section\" data-settings=\"{&quot;_ha_eqh_enable&quot;:false}\">\n\t\t\t\t\t\t<div class=\"elementor-container elementor-column-gap-default\">\n\t\t\t\t\t<div class=\"elementor-column elementor-col-100 elementor-top-column elementor-element elementor-element-7a0ad39\" data-id=\"7a0ad39\" data-element_type=\"column\" data-e-type=\"column\">\n\t\t\t<div class=\"elementor-widget-wrap elementor-element-populated\">\n\t\t\t\t\t\t<div class=\"elementor-element elementor-element-2388503 elementor-widget elementor-widget-heading\" data-id=\"2388503\" data-element_type=\"widget\" data-e-type=\"widget\" data-widget_type=\"heading.default\">\n\t\t\t\t<div class=\"elementor-widget-container\">\n\t\t\t\t\t<h1 class=\"elementor-heading-title elementor-size-default\">UNSERE DUFTKOLLEKTION ANSEHEN<\/h1>\t\t\t\t<\/div>\n\t\t\t\t<\/div>\n\t\t\t\t\t<\/div>\n\t\t<\/div>\n\t\t\t\t\t<\/div>\n\t\t<\/section>\n\t\t\t\t<section class=\"elementor-section elementor-top-section elementor-element elementor-element-0498e60 elementor-section-boxed elementor-section-height-default elementor-section-height-default\" data-id=\"0498e60\" data-element_type=\"section\" data-e-type=\"section\" data-settings=\"{&quot;_ha_eqh_enable&quot;:false}\">\n\t\t\t\t\t\t<div class=\"elementor-container elementor-column-gap-default\">\n\t\t\t\t\t<div class=\"elementor-column elementor-col-100 elementor-top-column elementor-element elementor-element-9df15fa\" data-id=\"9df15fa\" data-element_type=\"column\" data-e-type=\"column\">\n\t\t\t<div class=\"elementor-widget-wrap elementor-element-populated\">\n\t\t\t\t\t\t<div class=\"elementor-element elementor-element-e9342a0 elementor-widget elementor-widget-html\" data-id=\"e9342a0\" data-element_type=\"widget\" data-e-type=\"widget\" data-widget_type=\"html.default\">\n\t\t\t\t<div class=\"elementor-widget-container\">\n\t\t\t\t\t<div class=\"_df_book df-container df-loading \" id=\"df_22659\"  wpoptions=\"true\" ><\/div><script data-cfasync=\"false\">var option_df_22659 = {\"outline\":[],\"backgroundColor\":\"#FFFFFF\",\"forceFit\":\"true\",\"autoEnableOutline\":\"false\",\"autoEnableThumbnail\":\"false\",\"overwritePDFOutline\":\"false\",\"direction\":\"1\",\"pageMode\":\"0\",\"source\":\"https:\\\/\\\/countryfield.nl\\\/wp-content\\\/uploads\\\/COUNTRYFIELD-AMBIANCE_A6brochure_v4.pdf\",\"wpOptions\":\"true\"}; if(window.DFLIP && DFLIP.parseBooks){DFLIP.parseBooks();}<\/script>\t\t\t\t<\/div>\n\t\t\t\t<\/div>\n\t\t\t\t\t<\/div>\n\t\t<\/div>\n\t\t\t\t\t<\/div>\n\t\t<\/section>\n\t\t\t\t<\/div>\n\t\t","protected":false},"excerpt":{"rendered":"<p>AMBIENTE-KOLLEKTION Lassen Sie sich von den bezaubernden D\u00fcften von Countryfield Ambiance verf\u00fchren und verwandeln Sie Ihr Zuhause in eine Oase duftender Eleganz. Unsere eigene Duftmarke Countryfield Ambiance umfasst eine wundersch\u00f6ne Kollektion von 10 verschiedenen D\u00fcften, die alle Sinne anregen und eine entspannende Atmosph\u00e4re schaffen sollen. Diese schicke Duftkollektion ist nicht nur ein Genuss f\u00fcr die [&hellip;]<\/p>\n","protected":false},"author":11,"featured_media":0,"parent":0,"menu_order":0,"comment_status":"closed","ping_status":"closed","template":"","meta":{"_eb_attr":"","footnotes":""},"class_list":["post-14470","page","type-page","status-publish","hentry"],"_links":{"self":[{"href":"https:\/\/countryfield.nl\/de\/wp-json\/wp\/v2\/pages\/14470","targetHints":{"allow":["GET"]}}],"collection":[{"href":"https:\/\/countryfield.nl\/de\/wp-json\/wp\/v2\/pages"}],"about":[{"href":"https:\/\/countryfield.nl\/de\/wp-json\/wp\/v2\/types\/page"}],"author":[{"embeddable":true,"href":"https:\/\/countryfield.nl\/de\/wp-json\/wp\/v2\/users\/11"}],"replies":[{"embeddable":true,"href":"https:\/\/countryfield.nl\/de\/wp-json\/wp\/v2\/comments?post=14470"}],"version-history":[{"count":62,"href":"https:\/\/countryfield.nl\/de\/wp-json\/wp\/v2\/pages\/14470\/revisions"}],"predecessor-version":[{"id":26941,"href":"https:\/\/countryfield.nl\/de\/wp-json\/wp\/v2\/pages\/14470\/revisions\/26941"}],"wp:attachment":[{"href":"https:\/\/countryfield.nl\/de\/wp-json\/wp\/v2\/media?parent=14470"}],"curies":[{"name":"wp","href":"https:\/\/api.w.org\/{rel}","templated":true}]}}