{"id":13800,"date":"2020-11-13T12:52:33","date_gmt":"2020-11-13T12:52:33","guid":{"rendered":"https:\/\/countryfield.nl\/?page_id=13800"},"modified":"2025-09-24T12:48:46","modified_gmt":"2025-09-24T12:48:46","slug":"kunstblumen-und-pflanzen","status":"publish","type":"page","link":"https:\/\/countryfield.nl\/de\/kunstblumen-und-pflanzen\/","title":{"rendered":"K\u00fcnstliche Blumen und Pflanzen"},"content":{"rendered":"\t\t<div data-elementor-type=\"wp-page\" data-elementor-id=\"13800\" class=\"elementor elementor-13800 elementor-13795\" data-elementor-settings=\"{&quot;ha_cmc_init_switcher&quot;:&quot;no&quot;}\">\n\t\t\t\t\t\t<section class=\"elementor-section elementor-top-section elementor-element elementor-element-2d3862b elementor-section-boxed elementor-section-height-default elementor-section-height-default\" data-id=\"2d3862b\" data-element_type=\"section\" data-e-type=\"section\" data-settings=\"{&quot;_ha_eqh_enable&quot;:false}\">\n\t\t\t\t\t\t<div class=\"elementor-container elementor-column-gap-default\">\n\t\t\t\t\t<div class=\"elementor-column elementor-col-100 elementor-top-column elementor-element elementor-element-9d04e26\" data-id=\"9d04e26\" data-element_type=\"column\" data-e-type=\"column\">\n\t\t\t<div class=\"elementor-widget-wrap elementor-element-populated\">\n\t\t\t\t\t\t<div class=\"elementor-element elementor-element-eee306e elementor-widget elementor-widget-spacer\" data-id=\"eee306e\" data-element_type=\"widget\" data-e-type=\"widget\" data-widget_type=\"spacer.default\">\n\t\t\t\t<div class=\"elementor-widget-container\">\n\t\t\t\t\t\t\t<div class=\"elementor-spacer\">\n\t\t\t<div class=\"elementor-spacer-inner\"><\/div>\n\t\t<\/div>\n\t\t\t\t\t\t<\/div>\n\t\t\t\t<\/div>\n\t\t\t\t\t<\/div>\n\t\t<\/div>\n\t\t\t\t\t<\/div>\n\t\t<\/section>\n\t\t\t\t<section class=\"elementor-section elementor-top-section elementor-element elementor-element-073a792 elementor-section-boxed elementor-section-height-default elementor-section-height-default\" data-id=\"073a792\" data-element_type=\"section\" data-e-type=\"section\" data-settings=\"{&quot;_ha_eqh_enable&quot;:false}\">\n\t\t\t\t\t\t<div class=\"elementor-container elementor-column-gap-default\">\n\t\t\t\t\t<div class=\"elementor-column elementor-col-100 elementor-top-column elementor-element elementor-element-fd71a40\" data-id=\"fd71a40\" data-element_type=\"column\" data-e-type=\"column\">\n\t\t\t<div class=\"elementor-widget-wrap elementor-element-populated\">\n\t\t\t\t\t\t<div class=\"elementor-element elementor-element-ecdabaf elementor-widget elementor-widget-heading\" data-id=\"ecdabaf\" data-element_type=\"widget\" data-e-type=\"widget\" data-widget_type=\"heading.default\">\n\t\t\t\t<div class=\"elementor-widget-container\">\n\t\t\t\t\t<h1 class=\"elementor-heading-title elementor-size-default\">K\u00dcNSTLICHE BLUMEN UND PFLANZEN<\/h1>\t\t\t\t<\/div>\n\t\t\t\t<\/div>\n\t\t\t\t<div class=\"elementor-element elementor-element-8333823 elementor-widget elementor-widget-text-editor\" data-id=\"8333823\" data-element_type=\"widget\" data-e-type=\"widget\" data-widget_type=\"text-editor.default\">\n\t\t\t\t<div class=\"elementor-widget-container\">\n\t\t\t\t\t\t\t\t\t<p>Die wundersch\u00f6nen Kunstblumen und Kunstpflanzen von Countryfield verwandeln Ihr Zuhause in ein farbenfrohes Paradies. Ob auf dem K\u00fcchentisch, auf der Fensterbank oder auf dem Balkon, unsere Kollektion bietet die perfekte L\u00f6sung f\u00fcr jeden, unabh\u00e4ngig von seinem gr\u00fcnen Daumen!<\/p><p>Unser umfangreiches Sortiment an Kunstb\u00e4umen und Kunstpflanzen bietet f\u00fcr jeden etwas, von verschiedenen Kunstpflanzen bis hin zu Kunstb\u00e4umen in allen Gr\u00f6\u00dfen und Formen. Sie sind so naturgetreu und sch\u00f6n, dass man fast den Duft der Natur riechen kann. Das Beste daran ist, dass sie wenig Pflege ben\u00f6tigen und jahrelang halten, so dass Sie sich an der Sch\u00f6nheit des Gr\u00fcns erfreuen k\u00f6nnen, ohne sich um die t\u00e4gliche Pflege k\u00fcmmern zu m\u00fcssen.<\/p>\t\t\t\t\t\t\t\t<\/div>\n\t\t\t\t<\/div>\n\t\t\t\t\t<\/div>\n\t\t<\/div>\n\t\t\t\t\t<\/div>\n\t\t<\/section>\n\t\t\t\t<section class=\"elementor-section elementor-top-section elementor-element elementor-element-7b58cb2 elementor-section-boxed elementor-section-height-default elementor-section-height-default\" data-id=\"7b58cb2\" data-element_type=\"section\" data-e-type=\"section\" data-settings=\"{&quot;_ha_eqh_enable&quot;:false}\">\n\t\t\t\t\t\t<div class=\"elementor-container elementor-column-gap-default\">\n\t\t\t\t\t<div class=\"elementor-column elementor-col-100 elementor-top-column elementor-element elementor-element-25a9a47\" data-id=\"25a9a47\" data-element_type=\"column\" data-e-type=\"column\">\n\t\t\t<div class=\"elementor-widget-wrap elementor-element-populated\">\n\t\t\t\t\t\t<div class=\"elementor-element elementor-element-31aa88d elementor-widget elementor-widget-spacer\" data-id=\"31aa88d\" data-element_type=\"widget\" data-e-type=\"widget\" data-widget_type=\"spacer.default\">\n\t\t\t\t<div class=\"elementor-widget-container\">\n\t\t\t\t\t\t\t<div class=\"elementor-spacer\">\n\t\t\t<div class=\"elementor-spacer-inner\"><\/div>\n\t\t<\/div>\n\t\t\t\t\t\t<\/div>\n\t\t\t\t<\/div>\n\t\t\t\t\t<\/div>\n\t\t<\/div>\n\t\t\t\t\t<\/div>\n\t\t<\/section>\n\t\t\t\t<section class=\"elementor-section elementor-top-section elementor-element elementor-element-d4e1763 elementor-section-boxed elementor-section-height-default elementor-section-height-default\" data-id=\"d4e1763\" data-element_type=\"section\" data-e-type=\"section\" data-settings=\"{&quot;_ha_eqh_enable&quot;:false}\">\n\t\t\t\t\t\t<div class=\"elementor-container elementor-column-gap-default\">\n\t\t\t\t\t<div class=\"elementor-column elementor-col-25 elementor-top-column elementor-element elementor-element-9f89841\" data-id=\"9f89841\" data-element_type=\"column\" data-e-type=\"column\">\n\t\t\t<div class=\"elementor-widget-wrap elementor-element-populated\">\n\t\t\t\t\t\t<div class=\"elementor-element elementor-element-3152883 elementor-widget elementor-widget-image\" data-id=\"3152883\" data-element_type=\"widget\" data-e-type=\"widget\" data-widget_type=\"image.default\">\n\t\t\t\t<div class=\"elementor-widget-container\">\n\t\t\t\t\t\t\t\t\t\t\t\t\t\t\t<img decoding=\"async\" src=\"https:\/\/countryfield.nl\/wp-content\/uploads\/elementor\/thumbs\/825814-1-scaled-ra5hkq1k5p0vjjar4tdx17v6j7gq61djkchfwlzw7g.jpg\" title=\"825814 (1)\" alt=\"825814 (1)\" loading=\"lazy\" \/>\t\t\t\t\t\t\t\t\t\t\t\t\t\t\t<\/div>\n\t\t\t\t<\/div>\n\t\t\t\t\t<\/div>\n\t\t<\/div>\n\t\t\t\t<div class=\"elementor-column elementor-col-25 elementor-top-column elementor-element elementor-element-8898c83\" data-id=\"8898c83\" data-element_type=\"column\" data-e-type=\"column\">\n\t\t\t<div class=\"elementor-widget-wrap elementor-element-populated\">\n\t\t\t\t\t\t<div class=\"elementor-element elementor-element-93e31bd elementor-widget elementor-widget-image\" data-id=\"93e31bd\" data-element_type=\"widget\" data-e-type=\"widget\" data-widget_type=\"image.default\">\n\t\t\t\t<div class=\"elementor-widget-container\">\n\t\t\t\t\t\t\t\t\t\t\t\t\t\t\t<img decoding=\"async\" src=\"https:\/\/countryfield.nl\/wp-content\/uploads\/elementor\/thumbs\/785789-797215-775740-768134-781172-785755-797169-766445-766458-793789-785791-780825-1-scaled-qxx7a53h005kod075r3vhb7emwe4u9x3k6qgnpzt1o.jpg\" title=\"785789-797215-775740-768134-781172-785755-797169-766445-766458-793789-785791-780825 (1)\" alt=\"785789-797215-775740-768134-781172-785755-797169-766445-766458-793789-785791-780825 (1)\" loading=\"lazy\" \/>\t\t\t\t\t\t\t\t\t\t\t\t\t\t\t<\/div>\n\t\t\t\t<\/div>\n\t\t\t\t\t<\/div>\n\t\t<\/div>\n\t\t\t\t<div class=\"elementor-column elementor-col-25 elementor-top-column elementor-element elementor-element-9af2a1a\" data-id=\"9af2a1a\" data-element_type=\"column\" data-e-type=\"column\">\n\t\t\t<div class=\"elementor-widget-wrap elementor-element-populated\">\n\t\t\t\t\t\t<div class=\"elementor-element elementor-element-c388145 elementor-widget elementor-widget-image\" data-id=\"c388145\" data-element_type=\"widget\" data-e-type=\"widget\" data-widget_type=\"image.default\">\n\t\t\t\t<div class=\"elementor-widget-container\">\n\t\t\t\t\t\t\t\t\t\t\t\t\t\t\t<img decoding=\"async\" src=\"https:\/\/countryfield.nl\/wp-content\/uploads\/elementor\/thumbs\/AW2025-Decostar-WC13-scaled-ra56vv0hvq6dvabyggh24c4ufoeejhi1bgge20mvv0.jpg\" title=\"AW2025-Decostar-WC13\" alt=\"AW2025-Decostar-WC13\" loading=\"lazy\" \/>\t\t\t\t\t\t\t\t\t\t\t\t\t\t\t<\/div>\n\t\t\t\t<\/div>\n\t\t\t\t\t<\/div>\n\t\t<\/div>\n\t\t\t\t<div class=\"elementor-column elementor-col-25 elementor-top-column elementor-element elementor-element-f1c25b7\" data-id=\"f1c25b7\" data-element_type=\"column\" data-e-type=\"column\">\n\t\t\t<div class=\"elementor-widget-wrap elementor-element-populated\">\n\t\t\t\t\t\t<div class=\"elementor-element elementor-element-0f46a13 elementor-widget elementor-widget-image\" data-id=\"0f46a13\" data-element_type=\"widget\" data-e-type=\"widget\" data-widget_type=\"image.default\">\n\t\t\t\t<div class=\"elementor-widget-container\">\n\t\t\t\t\t\t\t\t\t\t\t\t\t\t\t<img decoding=\"async\" src=\"https:\/\/countryfield.nl\/wp-content\/uploads\/elementor\/thumbs\/826385_5-ra5hg3o4k0p4gk0f4bgy9vule08rbm11xh0hymukss.jpg\" title=\"826385_5\" alt=\"826385_5\" loading=\"lazy\" \/>\t\t\t\t\t\t\t\t\t\t\t\t\t\t\t<\/div>\n\t\t\t\t<\/div>\n\t\t\t\t\t<\/div>\n\t\t<\/div>\n\t\t\t\t\t<\/div>\n\t\t<\/section>\n\t\t\t\t<section class=\"elementor-section elementor-top-section elementor-element elementor-element-1c8d1bb elementor-section-boxed elementor-section-height-default elementor-section-height-default\" data-id=\"1c8d1bb\" data-element_type=\"section\" data-e-type=\"section\" data-settings=\"{&quot;_ha_eqh_enable&quot;:false}\">\n\t\t\t\t\t\t<div class=\"elementor-container elementor-column-gap-default\">\n\t\t\t\t\t<div class=\"elementor-column elementor-col-100 elementor-top-column elementor-element elementor-element-dc0e741\" data-id=\"dc0e741\" data-element_type=\"column\" data-e-type=\"column\">\n\t\t\t<div class=\"elementor-widget-wrap elementor-element-populated\">\n\t\t\t\t\t\t<div class=\"elementor-element elementor-element-8deaab0 elementor-widget elementor-widget-spacer\" data-id=\"8deaab0\" data-element_type=\"widget\" data-e-type=\"widget\" data-widget_type=\"spacer.default\">\n\t\t\t\t<div class=\"elementor-widget-container\">\n\t\t\t\t\t\t\t<div class=\"elementor-spacer\">\n\t\t\t<div class=\"elementor-spacer-inner\"><\/div>\n\t\t<\/div>\n\t\t\t\t\t\t<\/div>\n\t\t\t\t<\/div>\n\t\t\t\t\t<\/div>\n\t\t<\/div>\n\t\t\t\t\t<\/div>\n\t\t<\/section>\n\t\t\t\t<section class=\"elementor-section elementor-top-section elementor-element elementor-element-e87fa29 elementor-section-boxed elementor-section-height-default elementor-section-height-default\" data-id=\"e87fa29\" data-element_type=\"section\" data-e-type=\"section\" data-settings=\"{&quot;_ha_eqh_enable&quot;:false}\">\n\t\t\t\t\t\t<div class=\"elementor-container elementor-column-gap-default\">\n\t\t\t\t\t<div class=\"elementor-column elementor-col-100 elementor-top-column elementor-element elementor-element-1327044\" data-id=\"1327044\" data-element_type=\"column\" data-e-type=\"column\">\n\t\t\t<div class=\"elementor-widget-wrap elementor-element-populated\">\n\t\t\t\t\t\t<div class=\"elementor-element elementor-element-bd086e8 elementor-widget elementor-widget-heading\" data-id=\"bd086e8\" data-element_type=\"widget\" data-e-type=\"widget\" data-widget_type=\"heading.default\">\n\t\t\t\t<div class=\"elementor-widget-container\">\n\t\t\t\t\t<h1 class=\"elementor-heading-title elementor-size-default\">BLUMENT\u00d6PFE UND VASEN\n<\/h1>\t\t\t\t<\/div>\n\t\t\t\t<\/div>\n\t\t\t\t<div class=\"elementor-element elementor-element-0c11394 elementor-widget elementor-widget-text-editor\" data-id=\"0c11394\" data-element_type=\"widget\" data-e-type=\"widget\" data-widget_type=\"text-editor.default\">\n\t\t\t\t<div class=\"elementor-widget-container\">\n\t\t\t\t\t\t\t\t\t<p>Jede sch\u00f6ne Pflanze braucht einen ebenso sch\u00f6nen Topf, und jeder pr\u00e4chtige Strau\u00df braucht eine elegante Vase. In der bezaubernden Blumentopf- und Vasen-Kollektion von finden Sie eine Vielzahl von Vasen und T\u00f6pfen in verschiedenen Farben, Formen, Gr\u00f6\u00dfen und Materialien. Ob Sie einen minimalistischen, rustikalen, modernen oder klassischen Wohnstil haben, in unserer Kollektion ist f\u00fcr jeden etwas dabei.<\/p><p>Lassen Sie sich von der Vielseitigkeit unserer Keramik-Kollektion inspirieren und geben Sie Ihrem Zuhause den letzten Schliff, den es verdient. Mit den richtigen Blument\u00f6pfen und Vasen erwecken Sie Ihre Innenr\u00e4ume zum Leben und schenken Ihren Pflanzen und Blumen die Aufmerksamkeit, die sie verdienen. Bei Countryfield finden Sie die ideale Erg\u00e4nzung zu Ihrem Wohnstil, die jedes Arrangement und jede gr\u00fcne Erg\u00e4nzung in Ihrem Haus zu einem wahren Kunstwerk macht. Entdecken Sie jetzt unsere umfangreiche Kollektion in verschiedenen Gesch\u00e4ften und lassen Sie sich von den M\u00f6glichkeiten \u00fcberraschen, wie Sie Ihr Zuhause noch sch\u00f6ner gestalten k\u00f6nnen.<\/p>\t\t\t\t\t\t\t\t<\/div>\n\t\t\t\t<\/div>\n\t\t\t\t\t<\/div>\n\t\t<\/div>\n\t\t\t\t\t<\/div>\n\t\t<\/section>\n\t\t\t\t<section class=\"elementor-section elementor-top-section elementor-element elementor-element-eb09e06 elementor-section-boxed elementor-section-height-default elementor-section-height-default\" data-id=\"eb09e06\" data-element_type=\"section\" data-e-type=\"section\" data-settings=\"{&quot;_ha_eqh_enable&quot;:false}\">\n\t\t\t\t\t\t<div class=\"elementor-container elementor-column-gap-default\">\n\t\t\t\t\t<div class=\"elementor-column elementor-col-33 elementor-top-column elementor-element elementor-element-c765ce3\" data-id=\"c765ce3\" data-element_type=\"column\" data-e-type=\"column\">\n\t\t\t<div class=\"elementor-widget-wrap elementor-element-populated\">\n\t\t\t\t\t\t<div class=\"elementor-element elementor-element-fd5f363 elementor-widget elementor-widget-image\" data-id=\"fd5f363\" data-element_type=\"widget\" data-e-type=\"widget\" data-widget_type=\"image.default\">\n\t\t\t\t<div class=\"elementor-widget-container\">\n\t\t\t\t\t\t\t\t\t\t\t\t\t\t\t<img decoding=\"async\" src=\"https:\/\/countryfield.nl\/wp-content\/uploads\/elementor\/thumbs\/824027_5-ra5hjd5yab5yrt9r289bfk77n65n1rzi1mk6y80d70.jpg\" title=\"824027_5\" alt=\"824027_5\" loading=\"lazy\" \/>\t\t\t\t\t\t\t\t\t\t\t\t\t\t\t<\/div>\n\t\t\t\t<\/div>\n\t\t\t\t\t<\/div>\n\t\t<\/div>\n\t\t\t\t<div class=\"elementor-column elementor-col-33 elementor-top-column elementor-element elementor-element-eb00c61\" data-id=\"eb00c61\" data-element_type=\"column\" data-e-type=\"column\">\n\t\t\t<div class=\"elementor-widget-wrap elementor-element-populated\">\n\t\t\t\t\t\t<div class=\"elementor-element elementor-element-063b8b4 elementor-widget elementor-widget-image\" data-id=\"063b8b4\" data-element_type=\"widget\" data-e-type=\"widget\" data-widget_type=\"image.default\">\n\t\t\t\t<div class=\"elementor-widget-container\">\n\t\t\t\t\t\t\t\t\t\t\t\t\t\t\t<img decoding=\"async\" src=\"https:\/\/countryfield.nl\/wp-content\/uploads\/elementor\/thumbs\/817166-826086-826085-824196-826734-775719-kopie-scaled-rc88wfo528zx2choy29dkxwp3w9jncvjpzvc2xmcp8.jpg\" title=\"817166-826086-826085-824196-826734-775719 &#8211; kopie\" alt=\"817166-826086-826085-824196-826734-775719 - kopie\" loading=\"lazy\" \/>\t\t\t\t\t\t\t\t\t\t\t\t\t\t\t<\/div>\n\t\t\t\t<\/div>\n\t\t\t\t\t<\/div>\n\t\t<\/div>\n\t\t\t\t<div class=\"elementor-column elementor-col-33 elementor-top-column elementor-element elementor-element-4912e18\" data-id=\"4912e18\" data-element_type=\"column\" data-e-type=\"column\">\n\t\t\t<div class=\"elementor-widget-wrap elementor-element-populated\">\n\t\t\t\t\t\t<div class=\"elementor-element elementor-element-a07b683 elementor-widget elementor-widget-image\" data-id=\"a07b683\" data-element_type=\"widget\" data-e-type=\"widget\" data-widget_type=\"image.default\">\n\t\t\t\t<div class=\"elementor-widget-container\">\n\t\t\t\t\t\t\t\t\t\t\t\t\t\t\t<img decoding=\"async\" src=\"https:\/\/countryfield.nl\/wp-content\/uploads\/elementor\/thumbs\/SS2025_Shopthelook-11-scaled-ra5dbybve1w6l37e7a3sa9p6tqg44zw287fgymidho.jpg\" title=\"SS2025_Shopthelook 11\" alt=\"SS2025_Shopthelook 11\" loading=\"lazy\" \/>\t\t\t\t\t\t\t\t\t\t\t\t\t\t\t<\/div>\n\t\t\t\t<\/div>\n\t\t\t\t\t<\/div>\n\t\t<\/div>\n\t\t\t\t\t<\/div>\n\t\t<\/section>\n\t\t\t\t<\/div>\n\t\t","protected":false},"excerpt":{"rendered":"<p>K\u00dcNSTLICHE BLUMEN UND PFLANZEN Die wundersch\u00f6nen Kunstblumen und Kunstpflanzen von Countryfield verwandeln Ihr Zuhause in ein farbenfrohes Paradies. Ob auf dem K\u00fcchentisch, auf der Fensterbank oder auf dem Balkon, unsere Kollektion bietet die perfekte L\u00f6sung f\u00fcr jeden, unabh\u00e4ngig von seinem gr\u00fcnen Daumen! Unser umfangreiches Sortiment an Kunstb\u00e4umen und Kunstpflanzen bietet f\u00fcr jeden etwas, von verschiedenen [&hellip;]<\/p>\n","protected":false},"author":11,"featured_media":0,"parent":0,"menu_order":0,"comment_status":"closed","ping_status":"closed","template":"","meta":{"_eb_attr":"","footnotes":""},"class_list":["post-13800","page","type-page","status-publish","hentry"],"_links":{"self":[{"href":"https:\/\/countryfield.nl\/de\/wp-json\/wp\/v2\/pages\/13800","targetHints":{"allow":["GET"]}}],"collection":[{"href":"https:\/\/countryfield.nl\/de\/wp-json\/wp\/v2\/pages"}],"about":[{"href":"https:\/\/countryfield.nl\/de\/wp-json\/wp\/v2\/types\/page"}],"author":[{"embeddable":true,"href":"https:\/\/countryfield.nl\/de\/wp-json\/wp\/v2\/users\/11"}],"replies":[{"embeddable":true,"href":"https:\/\/countryfield.nl\/de\/wp-json\/wp\/v2\/comments?post=13800"}],"version-history":[{"count":28,"href":"https:\/\/countryfield.nl\/de\/wp-json\/wp\/v2\/pages\/13800\/revisions"}],"predecessor-version":[{"id":27128,"href":"https:\/\/countryfield.nl\/de\/wp-json\/wp\/v2\/pages\/13800\/revisions\/27128"}],"wp:attachment":[{"href":"https:\/\/countryfield.nl\/de\/wp-json\/wp\/v2\/media?parent=13800"}],"curies":[{"name":"wp","href":"https:\/\/api.w.org\/{rel}","templated":true}]}}