{"id":10545,"date":"2018-01-30T15:39:27","date_gmt":"2018-01-30T15:39:27","guid":{"rendered":"https:\/\/countryfield.nl\/kerst\/"},"modified":"2025-08-13T08:20:59","modified_gmt":"2025-08-13T08:20:59","slug":"weihnachten","status":"publish","type":"page","link":"https:\/\/countryfield.nl\/de\/weihnachten\/","title":{"rendered":"Weihnachten"},"content":{"rendered":"\t\t<div data-elementor-type=\"wp-page\" data-elementor-id=\"10545\" class=\"elementor elementor-10545 elementor-8373\" data-elementor-settings=\"{&quot;ha_cmc_init_switcher&quot;:&quot;no&quot;}\">\n\t\t\t\t\t\t<section class=\"elementor-section elementor-top-section elementor-element elementor-element-7d76573 elementor-section-boxed elementor-section-height-default elementor-section-height-default\" data-id=\"7d76573\" data-element_type=\"section\" data-e-type=\"section\" data-settings=\"{&quot;_ha_eqh_enable&quot;:false}\">\n\t\t\t\t\t\t<div class=\"elementor-container elementor-column-gap-default\">\n\t\t\t\t\t<div class=\"elementor-column elementor-col-100 elementor-top-column elementor-element elementor-element-6bf1628\" data-id=\"6bf1628\" data-element_type=\"column\" data-e-type=\"column\">\n\t\t\t<div class=\"elementor-widget-wrap\">\n\t\t\t\t\t\t\t<\/div>\n\t\t<\/div>\n\t\t\t\t\t<\/div>\n\t\t<\/section>\n\t\t\t\t<section class=\"elementor-section elementor-top-section elementor-element elementor-element-8f9b2ac elementor-section-boxed elementor-section-height-default elementor-section-height-default\" data-id=\"8f9b2ac\" data-element_type=\"section\" data-e-type=\"section\" data-settings=\"{&quot;_ha_eqh_enable&quot;:false}\">\n\t\t\t\t\t\t<div class=\"elementor-container elementor-column-gap-default\">\n\t\t\t\t\t<div class=\"elementor-column elementor-col-100 elementor-top-column elementor-element elementor-element-be346d6\" data-id=\"be346d6\" data-element_type=\"column\" data-e-type=\"column\">\n\t\t\t<div class=\"elementor-widget-wrap elementor-element-populated\">\n\t\t\t\t\t\t<div class=\"elementor-element elementor-element-3d38e44 elementor-widget elementor-widget-heading\" data-id=\"3d38e44\" data-element_type=\"widget\" data-e-type=\"widget\" data-widget_type=\"heading.default\">\n\t\t\t\t<div class=\"elementor-widget-container\">\n\t\t\t\t\t<h1 class=\"elementor-heading-title elementor-size-default\">Herbst Kollektion<\/h1>\t\t\t\t<\/div>\n\t\t\t\t<\/div>\n\t\t\t\t<div class=\"elementor-element elementor-element-42cf680 elementor-widget elementor-widget-text-editor\" data-id=\"42cf680\" data-element_type=\"widget\" data-e-type=\"widget\" data-widget_type=\"text-editor.default\">\n\t\t\t\t<div class=\"elementor-widget-container\">\n\t\t\t\t\t\t\t\t\t<p data-start=\"122\" data-end=\"541\"><strong>Warm in den Herbst, funkelnd durch die Feiertage!<\/strong><br data-start=\"181\" data-end=\"184\">Mit der <strong data-start=\"191\" data-end=\"232\">Countryfield Herbst- und Weihnachtskollektion<\/strong> bringen Sie sofortige Atmosph\u00e4re in Ihr Zuhause, von den ersten knackigen Herbsttagen bis zum festlichen Dezember. Denken Sie an warme Herbstt\u00f6ne, weiche Plaids und nat\u00fcrliche Akzente f\u00fcr gem\u00fctliche Abende, kombiniert mit funkelnden Kugeln, stimmungsvoller Beleuchtung und eleganten Kr\u00e4nzen, wenn die Weihnachtszeit naht. <\/p><p data-start=\"543\" data-end=\"879\">Ganz gleich, ob Sie Ihr Wohnzimmer in ein gem\u00fctliches Herbstnest verwandeln oder sich auf ein stilvolles Weihnachten vorbereiten m\u00f6chten, unsere Kollektion bietet alles von Tischdekorationen und Wohnaccessoires bis hin zu k\u00fcnstlichen Weihnachtsb\u00e4umen und einzigartigen Weihnachtsanh\u00e4ngern. Kombinieren Sie m\u00fchelos und schaffen Sie ein Interieur, das den ganzen Herbst hindurch leuchtet. <\/p>\t\t\t\t\t\t\t\t<\/div>\n\t\t\t\t<\/div>\n\t\t\t\t\t<\/div>\n\t\t<\/div>\n\t\t\t\t\t<\/div>\n\t\t<\/section>\n\t\t\t\t<section class=\"elementor-section elementor-top-section elementor-element elementor-element-21b58fc elementor-section-boxed elementor-section-height-default elementor-section-height-default\" data-id=\"21b58fc\" data-element_type=\"section\" data-e-type=\"section\" data-settings=\"{&quot;_ha_eqh_enable&quot;:false}\">\n\t\t\t\t\t\t<div class=\"elementor-container elementor-column-gap-default\">\n\t\t\t\t\t<div class=\"elementor-column elementor-col-25 elementor-top-column elementor-element elementor-element-6fff7ff\" data-id=\"6fff7ff\" data-element_type=\"column\" data-e-type=\"column\">\n\t\t\t<div class=\"elementor-widget-wrap elementor-element-populated\">\n\t\t\t\t\t\t<div class=\"elementor-element elementor-element-e5f2720 elementor-widget elementor-widget-image\" data-id=\"e5f2720\" data-element_type=\"widget\" data-e-type=\"widget\" data-widget_type=\"image.default\">\n\t\t\t\t<div class=\"elementor-widget-container\">\n\t\t\t\t\t\t\t\t\t\t\t\t\t\t\t<img decoding=\"async\" src=\"https:\/\/countryfield.nl\/wp-content\/uploads\/elementor\/thumbs\/AW2025-Decostar-WC7-scaled-ra56v0xml69cecq799aabkpqrur8bay390hikpx8ek.jpg\" title=\"AW2025-Decostar-WC7\" alt=\"AW2025-Decostar-WC7\" loading=\"lazy\" \/>\t\t\t\t\t\t\t\t\t\t\t\t\t\t\t<\/div>\n\t\t\t\t<\/div>\n\t\t\t\t\t<\/div>\n\t\t<\/div>\n\t\t\t\t<div class=\"elementor-column elementor-col-25 elementor-top-column elementor-element elementor-element-ca79774\" data-id=\"ca79774\" data-element_type=\"column\" data-e-type=\"column\">\n\t\t\t<div class=\"elementor-widget-wrap elementor-element-populated\">\n\t\t\t\t\t\t<div class=\"elementor-element elementor-element-461afd2 elementor-widget elementor-widget-image\" data-id=\"461afd2\" data-element_type=\"widget\" data-e-type=\"widget\" data-widget_type=\"image.default\">\n\t\t\t\t<div class=\"elementor-widget-container\">\n\t\t\t\t\t\t\t\t\t\t\t\t\t\t\t<img decoding=\"async\" src=\"https:\/\/countryfield.nl\/wp-content\/uploads\/elementor\/thumbs\/AW2025-Decostar-GD3-scaled-ra59jsfi56pzl868831o05o09ttipl3bvy6z46g7v0.jpg\" title=\"AW2025-Decostar-GD3\" alt=\"AW2025-Decostar-GD3\" loading=\"lazy\" \/>\t\t\t\t\t\t\t\t\t\t\t\t\t\t\t<\/div>\n\t\t\t\t<\/div>\n\t\t\t\t\t<\/div>\n\t\t<\/div>\n\t\t\t\t<div class=\"elementor-column elementor-col-25 elementor-top-column elementor-element elementor-element-1fe2ee3\" data-id=\"1fe2ee3\" data-element_type=\"column\" data-e-type=\"column\">\n\t\t\t<div class=\"elementor-widget-wrap elementor-element-populated\">\n\t\t\t\t\t\t<div class=\"elementor-element elementor-element-30bf8b3 elementor-widget elementor-widget-image\" data-id=\"30bf8b3\" data-element_type=\"widget\" data-e-type=\"widget\" data-widget_type=\"image.default\">\n\t\t\t\t<div class=\"elementor-widget-container\">\n\t\t\t\t\t\t\t\t\t\t\t\t\t\t\t<img decoding=\"async\" src=\"https:\/\/countryfield.nl\/wp-content\/uploads\/elementor\/thumbs\/AW2025_GLAMOUR-DELIGHT-1-scaled-ra59irrsqnbt0fnh6577swx13su7de1sqwr1edyklo.jpg\" title=\"AW2025_GLAMOUR DELIGHT 1\" alt=\"AW2025_GLAMOUR DELIGHT 1\" loading=\"lazy\" \/>\t\t\t\t\t\t\t\t\t\t\t\t\t\t\t<\/div>\n\t\t\t\t<\/div>\n\t\t\t\t\t<\/div>\n\t\t<\/div>\n\t\t\t\t<div class=\"elementor-column elementor-col-25 elementor-top-column elementor-element elementor-element-3900a5c\" data-id=\"3900a5c\" data-element_type=\"column\" data-e-type=\"column\">\n\t\t\t<div class=\"elementor-widget-wrap elementor-element-populated\">\n\t\t\t\t\t\t<div class=\"elementor-element elementor-element-5daf9cf elementor-widget elementor-widget-image\" data-id=\"5daf9cf\" data-element_type=\"widget\" data-e-type=\"widget\" data-widget_type=\"image.default\">\n\t\t\t\t<div class=\"elementor-widget-container\">\n\t\t\t\t\t\t\t\t\t\t\t\t\t\t\t<img decoding=\"async\" src=\"https:\/\/countryfield.nl\/wp-content\/uploads\/elementor\/thumbs\/AW2025_JINGLE-BELLS-1-scaled-ra59j8ow5nyyteywfcii1snbsqit7xwyt8hs1d9hho.jpg\" title=\"AW2025_JINGLE BELLS 1\" alt=\"AW2025_JINGLE BELLS 1\" loading=\"lazy\" \/>\t\t\t\t\t\t\t\t\t\t\t\t\t\t\t<\/div>\n\t\t\t\t<\/div>\n\t\t\t\t\t<\/div>\n\t\t<\/div>\n\t\t\t\t\t<\/div>\n\t\t<\/section>\n\t\t\t\t<section class=\"elementor-section elementor-top-section elementor-element elementor-element-f14cbfd elementor-section-boxed elementor-section-height-default elementor-section-height-default\" data-id=\"f14cbfd\" data-element_type=\"section\" data-e-type=\"section\" data-settings=\"{&quot;_ha_eqh_enable&quot;:false}\">\n\t\t\t\t\t\t<div class=\"elementor-container elementor-column-gap-default\">\n\t\t\t\t\t<div class=\"elementor-column elementor-col-100 elementor-top-column elementor-element elementor-element-414c2a3\" data-id=\"414c2a3\" data-element_type=\"column\" data-e-type=\"column\">\n\t\t\t<div class=\"elementor-widget-wrap\">\n\t\t\t\t\t\t\t<\/div>\n\t\t<\/div>\n\t\t\t\t\t<\/div>\n\t\t<\/section>\n\t\t\t\t<section class=\"elementor-section elementor-top-section elementor-element elementor-element-e6cad69 elementor-section-boxed elementor-section-height-default elementor-section-height-default\" data-id=\"e6cad69\" data-element_type=\"section\" data-e-type=\"section\" data-settings=\"{&quot;_ha_eqh_enable&quot;:false}\">\n\t\t\t\t\t\t<div class=\"elementor-container elementor-column-gap-default\">\n\t\t\t\t\t<div class=\"elementor-column elementor-col-100 elementor-top-column elementor-element elementor-element-b498e69\" data-id=\"b498e69\" data-element_type=\"column\" data-e-type=\"column\">\n\t\t\t<div class=\"elementor-widget-wrap elementor-element-populated\">\n\t\t\t\t\t\t<div class=\"elementor-element elementor-element-1fef4f4 elementor-widget elementor-widget-text-editor\" data-id=\"1fef4f4\" data-element_type=\"widget\" data-e-type=\"widget\" data-widget_type=\"text-editor.default\">\n\t\t\t\t<div class=\"elementor-widget-container\">\n\t\t\t\t\t\t\t\t\t<p data-start=\"188\" data-end=\"595\">Die <strong data-start=\"256\" data-end=\"297\">Countryfield Herbst- und Weihnachtskollektion<\/strong> vereint alle Stile und Stimmungen in einer kompletten Linie. Im Herbst sorgen warme Kerzenst\u00e4nder, robuste Sturmlampen und dekorative Wohnaccessoires in Naturt\u00f6nen f\u00fcr eine gem\u00fctliche Basis. Denken Sie an weiche Plaids, dekorative Kissen und Vasen, die perfekt zu den warmen Farben der Jahreszeit passen.  <\/p><p data-start=\"597\" data-end=\"974\">Wenn die Festtage n\u00e4her r\u00fccken, f\u00fcllt sich die Kollektion mit gl\u00e4nzenden Kugeln, ungew\u00f6hnlichen Weihnachtsanh\u00e4ngern und funkelnden Weihnachtslichtern &#8211; von energieeffizienten LED-Schn\u00fcren bis hin zu verspielten Lichtfiguren. F\u00fcr diejenigen, die einen dauerhaften Blickfang m\u00f6gen, gibt es k\u00fcnstliche Weihnachtsb\u00e4ume, die Jahr f\u00fcr Jahr ihre Form behalten, erg\u00e4nzt durch stilvolle Kr\u00e4nze und Girlanden f\u00fcr einen festlichen Auftritt. <\/p><p data-start=\"976\" data-end=\"1310\">Auch dem Esstisch wird viel Aufmerksamkeit zuteil. Mit elegantem Geschirr, stimmungsvollen Kerzenleuchtern und festlichen Tischl\u00e4ufern schaffen Sie m\u00fchelos einen Tisch, der beeindruckt. Die Herbst- und Weihnachtskollektion von Countryfield ist eine perfekte Mischung aus herbstlicher Gem\u00fctlichkeit und winterlichem Glanz, die Ihr Zuhause die ganze Saison \u00fcber erstrahlen l\u00e4sst.  <\/p>\t\t\t\t\t\t\t\t<\/div>\n\t\t\t\t<\/div>\n\t\t\t\t\t<\/div>\n\t\t<\/div>\n\t\t\t\t\t<\/div>\n\t\t<\/section>\n\t\t\t\t<section class=\"elementor-section elementor-top-section elementor-element elementor-element-e2ea87a elementor-section-boxed elementor-section-height-default elementor-section-height-default\" data-id=\"e2ea87a\" data-element_type=\"section\" data-e-type=\"section\" data-settings=\"{&quot;_ha_eqh_enable&quot;:false}\">\n\t\t\t\t\t\t<div class=\"elementor-container elementor-column-gap-default\">\n\t\t\t\t\t<div class=\"elementor-column elementor-col-33 elementor-top-column elementor-element elementor-element-3553614\" data-id=\"3553614\" data-element_type=\"column\" data-e-type=\"column\">\n\t\t\t<div class=\"elementor-widget-wrap elementor-element-populated\">\n\t\t\t\t\t\t<div class=\"elementor-element elementor-element-2822468 elementor-widget elementor-widget-image\" data-id=\"2822468\" data-element_type=\"widget\" data-e-type=\"widget\" data-widget_type=\"image.default\">\n\t\t\t\t<div class=\"elementor-widget-container\">\n\t\t\t\t\t\t\t\t\t\t\t\t\t\t\t<img fetchpriority=\"high\" decoding=\"async\" width=\"683\" height=\"1024\" src=\"https:\/\/countryfield.nl\/wp-content\/uploads\/AW2025-Decostar-SN34-683x1024.jpg\" class=\"attachment-large size-large wp-image-26662\" alt=\"\" srcset=\"https:\/\/countryfield.nl\/wp-content\/uploads\/AW2025-Decostar-SN34-683x1024.jpg 683w, https:\/\/countryfield.nl\/wp-content\/uploads\/AW2025-Decostar-SN34-200x300.jpg 200w, https:\/\/countryfield.nl\/wp-content\/uploads\/AW2025-Decostar-SN34-768x1152.jpg 768w, https:\/\/countryfield.nl\/wp-content\/uploads\/AW2025-Decostar-SN34-1024x1536.jpg 1024w, https:\/\/countryfield.nl\/wp-content\/uploads\/AW2025-Decostar-SN34-1365x2048.jpg 1365w, https:\/\/countryfield.nl\/wp-content\/uploads\/AW2025-Decostar-SN34-scaled.jpg 1707w\" sizes=\"(max-width: 683px) 100vw, 683px\" \/>\t\t\t\t\t\t\t\t\t\t\t\t\t\t\t<\/div>\n\t\t\t\t<\/div>\n\t\t\t\t\t<\/div>\n\t\t<\/div>\n\t\t\t\t<div class=\"elementor-column elementor-col-33 elementor-top-column elementor-element elementor-element-35a0925\" data-id=\"35a0925\" data-element_type=\"column\" data-e-type=\"column\">\n\t\t\t<div class=\"elementor-widget-wrap elementor-element-populated\">\n\t\t\t\t\t\t<div class=\"elementor-element elementor-element-59b05bf elementor-widget elementor-widget-image\" data-id=\"59b05bf\" data-element_type=\"widget\" data-e-type=\"widget\" data-widget_type=\"image.default\">\n\t\t\t\t<div class=\"elementor-widget-container\">\n\t\t\t\t\t\t\t\t\t\t\t\t\t\t\t<img decoding=\"async\" width=\"683\" height=\"1024\" src=\"https:\/\/countryfield.nl\/wp-content\/uploads\/AW2025-Decostar-SN27-683x1024.jpg\" class=\"attachment-large size-large wp-image-26659\" alt=\"\" srcset=\"https:\/\/countryfield.nl\/wp-content\/uploads\/AW2025-Decostar-SN27-683x1024.jpg 683w, https:\/\/countryfield.nl\/wp-content\/uploads\/AW2025-Decostar-SN27-200x300.jpg 200w, https:\/\/countryfield.nl\/wp-content\/uploads\/AW2025-Decostar-SN27-768x1152.jpg 768w, https:\/\/countryfield.nl\/wp-content\/uploads\/AW2025-Decostar-SN27-1024x1536.jpg 1024w, https:\/\/countryfield.nl\/wp-content\/uploads\/AW2025-Decostar-SN27-1365x2048.jpg 1365w, https:\/\/countryfield.nl\/wp-content\/uploads\/AW2025-Decostar-SN27-scaled.jpg 1707w\" sizes=\"(max-width: 683px) 100vw, 683px\" \/>\t\t\t\t\t\t\t\t\t\t\t\t\t\t\t<\/div>\n\t\t\t\t<\/div>\n\t\t\t\t\t<\/div>\n\t\t<\/div>\n\t\t\t\t<div class=\"elementor-column elementor-col-33 elementor-top-column elementor-element elementor-element-6441373\" data-id=\"6441373\" data-element_type=\"column\" data-e-type=\"column\">\n\t\t\t<div class=\"elementor-widget-wrap elementor-element-populated\">\n\t\t\t\t\t\t<div class=\"elementor-element elementor-element-0750a94 elementor-widget elementor-widget-image\" data-id=\"0750a94\" data-element_type=\"widget\" data-e-type=\"widget\" data-widget_type=\"image.default\">\n\t\t\t\t<div class=\"elementor-widget-container\">\n\t\t\t\t\t\t\t\t\t\t\t\t\t\t\t<img decoding=\"async\" width=\"683\" height=\"1024\" src=\"https:\/\/countryfield.nl\/wp-content\/uploads\/782429-782430-782470-782469-782488-782487-683x1024.jpg\" class=\"attachment-large size-large wp-image-26228\" alt=\"\" srcset=\"https:\/\/countryfield.nl\/wp-content\/uploads\/782429-782430-782470-782469-782488-782487-683x1024.jpg 683w, https:\/\/countryfield.nl\/wp-content\/uploads\/782429-782430-782470-782469-782488-782487-200x300.jpg 200w, https:\/\/countryfield.nl\/wp-content\/uploads\/782429-782430-782470-782469-782488-782487-768x1152.jpg 768w, https:\/\/countryfield.nl\/wp-content\/uploads\/782429-782430-782470-782469-782488-782487-1024x1536.jpg 1024w, https:\/\/countryfield.nl\/wp-content\/uploads\/782429-782430-782470-782469-782488-782487-1365x2048.jpg 1365w, https:\/\/countryfield.nl\/wp-content\/uploads\/782429-782430-782470-782469-782488-782487-1080x1620.jpg 1080w, https:\/\/countryfield.nl\/wp-content\/uploads\/782429-782430-782470-782469-782488-782487-1280x1920.jpg 1280w, https:\/\/countryfield.nl\/wp-content\/uploads\/782429-782430-782470-782469-782488-782487-980x1470.jpg 980w, https:\/\/countryfield.nl\/wp-content\/uploads\/782429-782430-782470-782469-782488-782487-480x720.jpg 480w, https:\/\/countryfield.nl\/wp-content\/uploads\/782429-782430-782470-782469-782488-782487-scaled.jpg 1707w\" sizes=\"(max-width: 683px) 100vw, 683px\" \/>\t\t\t\t\t\t\t\t\t\t\t\t\t\t\t<\/div>\n\t\t\t\t<\/div>\n\t\t\t\t\t<\/div>\n\t\t<\/div>\n\t\t\t\t\t<\/div>\n\t\t<\/section>\n\t\t\t\t<\/div>\n\t\t","protected":false},"excerpt":{"rendered":"<p>Herbst Kollektion Warm in den Herbst, funkelnd durch die Feiertage!Mit der Countryfield Herbst- und Weihnachtskollektion bringen Sie sofortige Atmosph\u00e4re in Ihr Zuhause, von den ersten knackigen Herbsttagen bis zum festlichen Dezember. Denken Sie an warme Herbstt\u00f6ne, weiche Plaids und nat\u00fcrliche Akzente f\u00fcr gem\u00fctliche Abende, kombiniert mit funkelnden Kugeln, stimmungsvoller Beleuchtung und eleganten Kr\u00e4nzen, wenn die [&hellip;]<\/p>\n","protected":false},"author":11,"featured_media":0,"parent":0,"menu_order":0,"comment_status":"closed","ping_status":"closed","template":"","meta":{"_eb_attr":"","footnotes":""},"class_list":["post-10545","page","type-page","status-publish","hentry"],"_links":{"self":[{"href":"https:\/\/countryfield.nl\/de\/wp-json\/wp\/v2\/pages\/10545","targetHints":{"allow":["GET"]}}],"collection":[{"href":"https:\/\/countryfield.nl\/de\/wp-json\/wp\/v2\/pages"}],"about":[{"href":"https:\/\/countryfield.nl\/de\/wp-json\/wp\/v2\/types\/page"}],"author":[{"embeddable":true,"href":"https:\/\/countryfield.nl\/de\/wp-json\/wp\/v2\/users\/11"}],"replies":[{"embeddable":true,"href":"https:\/\/countryfield.nl\/de\/wp-json\/wp\/v2\/comments?post=10545"}],"version-history":[{"count":31,"href":"https:\/\/countryfield.nl\/de\/wp-json\/wp\/v2\/pages\/10545\/revisions"}],"predecessor-version":[{"id":27028,"href":"https:\/\/countryfield.nl\/de\/wp-json\/wp\/v2\/pages\/10545\/revisions\/27028"}],"wp:attachment":[{"href":"https:\/\/countryfield.nl\/de\/wp-json\/wp\/v2\/media?parent=10545"}],"curies":[{"name":"wp","href":"https:\/\/api.w.org\/{rel}","templated":true}]}}