{"id":10529,"date":"2018-02-09T07:22:04","date_gmt":"2018-02-09T07:22:04","guid":{"rendered":"https:\/\/countryfield.nl\/lampen\/"},"modified":"2026-01-15T08:00:32","modified_gmt":"2026-01-15T08:00:32","slug":"beleuchtung","status":"publish","type":"page","link":"https:\/\/countryfield.nl\/de\/beleuchtung\/","title":{"rendered":"Beleuchtung"},"content":{"rendered":"\t\t<div data-elementor-type=\"wp-page\" data-elementor-id=\"10529\" class=\"elementor elementor-10529 elementor-8577\" data-elementor-settings=\"{&quot;ha_cmc_init_switcher&quot;:&quot;no&quot;}\">\n\t\t\t\t\t\t<section class=\"elementor-section elementor-top-section elementor-element elementor-element-17a6808 elementor-section-boxed elementor-section-height-default elementor-section-height-default\" data-id=\"17a6808\" data-element_type=\"section\" data-e-type=\"section\" data-settings=\"{&quot;_ha_eqh_enable&quot;:false}\">\n\t\t\t\t\t\t<div class=\"elementor-container elementor-column-gap-default\">\n\t\t\t\t\t<div class=\"elementor-column elementor-col-100 elementor-top-column elementor-element elementor-element-6c0cf8d\" data-id=\"6c0cf8d\" data-element_type=\"column\" data-e-type=\"column\">\n\t\t\t<div class=\"elementor-widget-wrap elementor-element-populated\">\n\t\t\t\t\t\t<div class=\"elementor-element elementor-element-4fdf0c6 elementor-widget elementor-widget-spacer\" data-id=\"4fdf0c6\" data-element_type=\"widget\" data-e-type=\"widget\" data-widget_type=\"spacer.default\">\n\t\t\t\t<div class=\"elementor-widget-container\">\n\t\t\t\t\t\t\t<div class=\"elementor-spacer\">\n\t\t\t<div class=\"elementor-spacer-inner\"><\/div>\n\t\t<\/div>\n\t\t\t\t\t\t<\/div>\n\t\t\t\t<\/div>\n\t\t\t\t\t<\/div>\n\t\t<\/div>\n\t\t\t\t\t<\/div>\n\t\t<\/section>\n\t\t\t\t<section class=\"elementor-section elementor-top-section elementor-element elementor-element-0757229 elementor-section-boxed elementor-section-height-default elementor-section-height-default\" data-id=\"0757229\" data-element_type=\"section\" data-e-type=\"section\" data-settings=\"{&quot;_ha_eqh_enable&quot;:false}\">\n\t\t\t\t\t\t<div class=\"elementor-container elementor-column-gap-default\">\n\t\t\t\t\t<div class=\"elementor-column elementor-col-100 elementor-top-column elementor-element elementor-element-47cfd5e\" data-id=\"47cfd5e\" data-element_type=\"column\" data-e-type=\"column\">\n\t\t\t<div class=\"elementor-widget-wrap elementor-element-populated\">\n\t\t\t\t\t\t<div class=\"elementor-element elementor-element-5a6d7ae elementor-widget elementor-widget-heading\" data-id=\"5a6d7ae\" data-element_type=\"widget\" data-e-type=\"widget\" data-widget_type=\"heading.default\">\n\t\t\t\t<div class=\"elementor-widget-container\">\n\t\t\t\t\t<h1 class=\"elementor-heading-title elementor-size-default\">COUNTRYFIELD BELEUCHTUNG<\/h1>\t\t\t\t<\/div>\n\t\t\t\t<\/div>\n\t\t\t\t\t<\/div>\n\t\t<\/div>\n\t\t\t\t\t<\/div>\n\t\t<\/section>\n\t\t\t\t<section class=\"elementor-section elementor-top-section elementor-element elementor-element-cd63a53 elementor-section-boxed elementor-section-height-default elementor-section-height-default\" data-id=\"cd63a53\" data-element_type=\"section\" data-e-type=\"section\" data-settings=\"{&quot;_ha_eqh_enable&quot;:false}\">\n\t\t\t\t\t\t<div class=\"elementor-container elementor-column-gap-default\">\n\t\t\t\t\t<div class=\"elementor-column elementor-col-100 elementor-top-column elementor-element elementor-element-42f871a\" data-id=\"42f871a\" data-element_type=\"column\" data-e-type=\"column\">\n\t\t\t<div class=\"elementor-widget-wrap elementor-element-populated\">\n\t\t\t\t\t\t<div class=\"elementor-element elementor-element-c6cfa7b elementor-widget elementor-widget-text-editor\" data-id=\"c6cfa7b\" data-element_type=\"widget\" data-e-type=\"widget\" data-widget_type=\"text-editor.default\">\n\t\t\t\t<div class=\"elementor-widget-container\">\n\t\t\t\t\t\t\t\t\t<h3 data-start=\"396\" data-end=\"455\">Countryfield &#8211; Beleuchtung, die Atmosph\u00e4re und Charakter schafft<\/h3><p data-start=\"457\" data-end=\"688\">Die Beleuchtung <strong data-start=\"476\" data-end=\"492\">von Countryfield<\/strong> verleiht jedem Raum eine warme und einladende Atmosph\u00e4re. Von <strong>Tisch-<\/strong> und <strong>Wandlampen<\/strong> bis hin zu <strong>Au\u00dfenbeleuchtung<\/strong> und <strong>saisonalen Dekorationen<\/strong> ist die Kollektion vielseitig und passt zu den heutigen Wohnbed\u00fcrfnissen. <\/p><p data-start=\"690\" data-end=\"1002\">Das Sortiment umfasst moderne <strong>Wandlampen<\/strong> in trendigen Farben, <strong>Tischlampen<\/strong> mit auff\u00e4lligen Formen und industrielle <strong>Pendelleuchten<\/strong>, die f\u00fcr ein starkes Lichtbild \u00fcber dem Esstisch oder im Flur sorgen. Die <strong>Stehlampen<\/strong> sind robust und stilvoll und eignen sich sowohl als funktionale Beleuchtung als auch als Blickfang in der Einrichtung. <\/p><p data-start=\"1004\" data-end=\"1342\">Neben funktionaler Beleuchtung bietet Countryfield auch dekorative Gegenst\u00e4nde mit integrierten LED-Leuchten an. Denken Sie an stimmungsvolle Figuren, die nicht nur Licht spenden, sondern auch etwas zu Ihrer Einrichtung beitragen &#8211; perfekt f\u00fcr ein Sideboard, einen Tisch oder eine Fensterbank. Die warme Lichtfarbe schafft eine gem\u00fctliche Atmosph\u00e4re, sowohl tags\u00fcber als auch nachts.  <\/p><p data-start=\"1344\" data-end=\"1746\">Countryfield ist auch f\u00fcr eine umfangreiche <strong data-start=\"1393\" data-end=\"1411\">Weihnachtskollektion<\/strong> bekannt, darunter stimmungsvolle LED-Hirsche und <strong>beleuchtete Weihnachtsb\u00e4ume<\/strong> in verschiedenen Gr\u00f6\u00dfen. Diese dekorativen Lichter bringen sofortige W\u00e4rme in Ihr Zuhause und machen die Feiertage zu etwas ganz Besonderem. Egal, ob Sie sich f\u00fcr einen dezenten Akzent oder ein auff\u00e4lliges St\u00fcck entscheiden, die Weihnachtsbeleuchtung von Countryfield wird Sie \u00fcberraschen und inspirieren.  <\/p><p data-start=\"1748\" data-end=\"1944\">F\u00fcr den Au\u00dfenbereich gibt es <strong>Solarlampen<\/strong>, die sich tags\u00fcber mit Sonnenenergie aufladen und nachts automatisch leuchten. Ideal, um Ihren Garten, Ihre Terrasse oder Ihren Balkon auf nachhaltige Weise zu beleuchten. <\/p><p data-start=\"1946\" data-end=\"2214\">Mit der <strong>Countryfield<\/strong> Beleuchtung k\u00f6nnen Sie das ganze Jahr \u00fcber eine sch\u00f6ne Atmosph\u00e4re schaffen &#8211; drinnen und drau\u00dfen. Ob f\u00fcr die allt\u00e4gliche Hausbeleuchtung oder stimmungsvolle Akzente w\u00e4hrend der Feiertage, diese Kollektion bietet f\u00fcr jeden Raum und jede Jahreszeit eine passende L\u00f6sung. <\/p>\t\t\t\t\t\t\t\t<\/div>\n\t\t\t\t<\/div>\n\t\t\t\t\t<\/div>\n\t\t<\/div>\n\t\t\t\t\t<\/div>\n\t\t<\/section>\n\t\t\t\t<section class=\"elementor-section elementor-top-section elementor-element elementor-element-1a71ceb elementor-section-boxed elementor-section-height-default elementor-section-height-default\" data-id=\"1a71ceb\" data-element_type=\"section\" data-e-type=\"section\" data-settings=\"{&quot;_ha_eqh_enable&quot;:false}\">\n\t\t\t\t\t\t<div class=\"elementor-container elementor-column-gap-default\">\n\t\t\t\t\t<div class=\"elementor-column elementor-col-100 elementor-top-column elementor-element elementor-element-84a8444\" data-id=\"84a8444\" data-element_type=\"column\" data-e-type=\"column\">\n\t\t\t<div class=\"elementor-widget-wrap elementor-element-populated\">\n\t\t\t\t\t\t<div class=\"elementor-element elementor-element-129d8b4 elementor-widget elementor-widget-spacer\" data-id=\"129d8b4\" data-element_type=\"widget\" data-e-type=\"widget\" data-widget_type=\"spacer.default\">\n\t\t\t\t<div class=\"elementor-widget-container\">\n\t\t\t\t\t\t\t<div class=\"elementor-spacer\">\n\t\t\t<div class=\"elementor-spacer-inner\"><\/div>\n\t\t<\/div>\n\t\t\t\t\t\t<\/div>\n\t\t\t\t<\/div>\n\t\t\t\t\t<\/div>\n\t\t<\/div>\n\t\t\t\t\t<\/div>\n\t\t<\/section>\n\t\t\t\t<section class=\"elementor-section elementor-top-section elementor-element elementor-element-a8ff7d9 elementor-section-boxed elementor-section-height-default elementor-section-height-default\" data-id=\"a8ff7d9\" data-element_type=\"section\" data-e-type=\"section\" data-settings=\"{&quot;_ha_eqh_enable&quot;:false}\">\n\t\t\t\t\t\t<div class=\"elementor-container elementor-column-gap-default\">\n\t\t\t\t\t<div class=\"elementor-column elementor-col-25 elementor-top-column elementor-element elementor-element-15647af\" data-id=\"15647af\" data-element_type=\"column\" data-e-type=\"column\">\n\t\t\t<div class=\"elementor-widget-wrap elementor-element-populated\">\n\t\t\t\t\t\t<div class=\"elementor-element elementor-element-c6961fc elementor-widget elementor-widget-image\" data-id=\"c6961fc\" data-element_type=\"widget\" data-e-type=\"widget\" data-widget_type=\"image.default\">\n\t\t\t\t<div class=\"elementor-widget-container\">\n\t\t\t\t\t\t\t\t\t\t\t\t\t\t\t<img decoding=\"async\" src=\"https:\/\/countryfield.nl\/wp-content\/uploads\/elementor\/thumbs\/Categorieen-zonder-button15-scaled-rdyp3dv3oiubwxylon1lnaeu2m76af0lwsz2v2kb0s.jpg\" title=\"Categorie\u00ebn &#8211; zonder button15\" alt=\"Categorie\u00ebn - zonder button15\" loading=\"lazy\" \/>\t\t\t\t\t\t\t\t\t\t\t\t\t\t\t<\/div>\n\t\t\t\t<\/div>\n\t\t\t\t\t<\/div>\n\t\t<\/div>\n\t\t\t\t<div class=\"elementor-column elementor-col-25 elementor-top-column elementor-element elementor-element-f15b63c\" data-id=\"f15b63c\" data-element_type=\"column\" data-e-type=\"column\">\n\t\t\t<div class=\"elementor-widget-wrap elementor-element-populated\">\n\t\t\t\t\t\t<div class=\"elementor-element elementor-element-e1c6b8c elementor-widget elementor-widget-image\" data-id=\"e1c6b8c\" data-element_type=\"widget\" data-e-type=\"widget\" data-widget_type=\"image.default\">\n\t\t\t\t<div class=\"elementor-widget-container\">\n\t\t\t\t\t\t\t\t\t\t\t\t\t\t\t<img decoding=\"async\" src=\"https:\/\/countryfield.nl\/wp-content\/uploads\/elementor\/thumbs\/816648_5-r8jzj5lqc4m6fs17qyie2z5m5ssbkwx1gtyljlv9ho.jpg\" title=\"816648_5\" alt=\"816648_5\" loading=\"lazy\" \/>\t\t\t\t\t\t\t\t\t\t\t\t\t\t\t<\/div>\n\t\t\t\t<\/div>\n\t\t\t\t\t<\/div>\n\t\t<\/div>\n\t\t\t\t<div class=\"elementor-column elementor-col-25 elementor-top-column elementor-element elementor-element-d68073c\" data-id=\"d68073c\" data-element_type=\"column\" data-e-type=\"column\">\n\t\t\t<div class=\"elementor-widget-wrap elementor-element-populated\">\n\t\t\t\t\t\t<div class=\"elementor-element elementor-element-ca21638 elementor-widget elementor-widget-image\" data-id=\"ca21638\" data-element_type=\"widget\" data-e-type=\"widget\" data-widget_type=\"image.default\">\n\t\t\t\t<div class=\"elementor-widget-container\">\n\t\t\t\t\t\t\t\t\t\t\t\t\t\t\t<img decoding=\"async\" src=\"https:\/\/countryfield.nl\/wp-content\/uploads\/elementor\/thumbs\/Categorieen-zonder-button11-scaled-rdyp16wnqfu8tp5ahowxtuc4690cbub5ly6ajttdjg.jpg\" title=\"Categorie\u00ebn &#8211; zonder button11\" alt=\"Categorie\u00ebn - zonder button11\" loading=\"lazy\" \/>\t\t\t\t\t\t\t\t\t\t\t\t\t\t\t<\/div>\n\t\t\t\t<\/div>\n\t\t\t\t\t<\/div>\n\t\t<\/div>\n\t\t\t\t<div class=\"elementor-column elementor-col-25 elementor-top-column elementor-element elementor-element-fc54082\" data-id=\"fc54082\" data-element_type=\"column\" data-e-type=\"column\">\n\t\t\t<div class=\"elementor-widget-wrap elementor-element-populated\">\n\t\t\t\t\t\t<div class=\"elementor-element elementor-element-be56039 elementor-widget elementor-widget-image\" data-id=\"be56039\" data-element_type=\"widget\" data-e-type=\"widget\" data-widget_type=\"image.default\">\n\t\t\t\t<div class=\"elementor-widget-container\">\n\t\t\t\t\t\t\t\t\t\t\t\t\t\t\t<img decoding=\"async\" src=\"https:\/\/countryfield.nl\/wp-content\/uploads\/elementor\/thumbs\/817109_5-r8jz8msrtw7mgxbg6wrqo4qurineew57or1x53gx58.jpg\" title=\"817109_5\" alt=\"817109_5\" loading=\"lazy\" \/>\t\t\t\t\t\t\t\t\t\t\t\t\t\t\t<\/div>\n\t\t\t\t<\/div>\n\t\t\t\t\t<\/div>\n\t\t<\/div>\n\t\t\t\t\t<\/div>\n\t\t<\/section>\n\t\t\t\t<section class=\"elementor-section elementor-top-section elementor-element elementor-element-a021ae5 elementor-section-boxed elementor-section-height-default elementor-section-height-default\" data-id=\"a021ae5\" data-element_type=\"section\" data-e-type=\"section\" data-settings=\"{&quot;_ha_eqh_enable&quot;:false}\">\n\t\t\t\t\t\t<div class=\"elementor-container elementor-column-gap-default\">\n\t\t\t\t\t<div class=\"elementor-column elementor-col-100 elementor-top-column elementor-element elementor-element-ff277eb\" data-id=\"ff277eb\" data-element_type=\"column\" data-e-type=\"column\">\n\t\t\t<div class=\"elementor-widget-wrap\">\n\t\t\t\t\t\t\t<\/div>\n\t\t<\/div>\n\t\t\t\t\t<\/div>\n\t\t<\/section>\n\t\t\t\t<section class=\"elementor-section elementor-top-section elementor-element elementor-element-a4bfed5 elementor-section-boxed elementor-section-height-default elementor-section-height-default\" data-id=\"a4bfed5\" data-element_type=\"section\" data-e-type=\"section\" data-settings=\"{&quot;_ha_eqh_enable&quot;:false}\">\n\t\t\t\t\t\t<div class=\"elementor-container elementor-column-gap-default\">\n\t\t\t\t\t<div class=\"elementor-column elementor-col-100 elementor-top-column elementor-element elementor-element-40034ab\" data-id=\"40034ab\" data-element_type=\"column\" data-e-type=\"column\">\n\t\t\t<div class=\"elementor-widget-wrap elementor-element-populated\">\n\t\t\t\t\t\t<div class=\"elementor-element elementor-element-07b1b1d elementor-widget elementor-widget-spacer\" data-id=\"07b1b1d\" data-element_type=\"widget\" data-e-type=\"widget\" data-widget_type=\"spacer.default\">\n\t\t\t\t<div class=\"elementor-widget-container\">\n\t\t\t\t\t\t\t<div class=\"elementor-spacer\">\n\t\t\t<div class=\"elementor-spacer-inner\"><\/div>\n\t\t<\/div>\n\t\t\t\t\t\t<\/div>\n\t\t\t\t<\/div>\n\t\t\t\t\t<\/div>\n\t\t<\/div>\n\t\t\t\t\t<\/div>\n\t\t<\/section>\n\t\t\t\t<\/div>\n\t\t","protected":false},"excerpt":{"rendered":"<p>COUNTRYFIELD BELEUCHTUNG Countryfield &#8211; Beleuchtung, die Atmosph\u00e4re und Charakter schafft Die Beleuchtung von Countryfield verleiht jedem Raum eine warme und einladende Atmosph\u00e4re. Von Tisch- und Wandlampen bis hin zu Au\u00dfenbeleuchtung und saisonalen Dekorationen ist die Kollektion vielseitig und passt zu den heutigen Wohnbed\u00fcrfnissen. Das Sortiment umfasst moderne Wandlampen in trendigen Farben, Tischlampen mit auff\u00e4lligen Formen [&hellip;]<\/p>\n","protected":false},"author":11,"featured_media":0,"parent":0,"menu_order":0,"comment_status":"closed","ping_status":"closed","template":"","meta":{"_eb_attr":"","footnotes":""},"class_list":["post-10529","page","type-page","status-publish","hentry"],"_links":{"self":[{"href":"https:\/\/countryfield.nl\/de\/wp-json\/wp\/v2\/pages\/10529","targetHints":{"allow":["GET"]}}],"collection":[{"href":"https:\/\/countryfield.nl\/de\/wp-json\/wp\/v2\/pages"}],"about":[{"href":"https:\/\/countryfield.nl\/de\/wp-json\/wp\/v2\/types\/page"}],"author":[{"embeddable":true,"href":"https:\/\/countryfield.nl\/de\/wp-json\/wp\/v2\/users\/11"}],"replies":[{"embeddable":true,"href":"https:\/\/countryfield.nl\/de\/wp-json\/wp\/v2\/comments?post=10529"}],"version-history":[{"count":99,"href":"https:\/\/countryfield.nl\/de\/wp-json\/wp\/v2\/pages\/10529\/revisions"}],"predecessor-version":[{"id":27572,"href":"https:\/\/countryfield.nl\/de\/wp-json\/wp\/v2\/pages\/10529\/revisions\/27572"}],"wp:attachment":[{"href":"https:\/\/countryfield.nl\/de\/wp-json\/wp\/v2\/media?parent=10529"}],"curies":[{"name":"wp","href":"https:\/\/api.w.org\/{rel}","templated":true}]}}