{"id":10516,"date":"2018-12-03T15:14:39","date_gmt":"2018-12-03T15:14:39","guid":{"rendered":"https:\/\/countryfield.nl\/?page_id=10516"},"modified":"2025-08-13T08:46:51","modified_gmt":"2025-08-13T08:46:51","slug":"fragen","status":"publish","type":"page","link":"https:\/\/countryfield.nl\/de\/fragen\/","title":{"rendered":"FRAGEN?"},"content":{"rendered":"\t\t<div data-elementor-type=\"wp-page\" data-elementor-id=\"10516\" class=\"elementor elementor-10516 elementor-9681\" data-elementor-settings=\"{&quot;ha_cmc_init_switcher&quot;:&quot;no&quot;}\">\n\t\t\t\t\t\t<section class=\"elementor-section elementor-top-section elementor-element elementor-element-dc7cadd elementor-section-boxed elementor-section-height-default elementor-section-height-default\" data-id=\"dc7cadd\" data-element_type=\"section\" data-e-type=\"section\" data-settings=\"{&quot;_ha_eqh_enable&quot;:false}\">\n\t\t\t\t\t\t<div class=\"elementor-container elementor-column-gap-default\">\n\t\t\t\t\t<div class=\"elementor-column elementor-col-100 elementor-top-column elementor-element elementor-element-f4897f3\" data-id=\"f4897f3\" data-element_type=\"column\" data-e-type=\"column\">\n\t\t\t<div class=\"elementor-widget-wrap elementor-element-populated\">\n\t\t\t\t\t\t<div class=\"elementor-element elementor-element-6ecce50 elementor-widget elementor-widget-spacer\" data-id=\"6ecce50\" data-element_type=\"widget\" data-e-type=\"widget\" data-widget_type=\"spacer.default\">\n\t\t\t\t<div class=\"elementor-widget-container\">\n\t\t\t\t\t\t\t<div class=\"elementor-spacer\">\n\t\t\t<div class=\"elementor-spacer-inner\"><\/div>\n\t\t<\/div>\n\t\t\t\t\t\t<\/div>\n\t\t\t\t<\/div>\n\t\t\t\t\t<\/div>\n\t\t<\/div>\n\t\t\t\t\t<\/div>\n\t\t<\/section>\n\t\t\t\t<section class=\"elementor-section elementor-top-section elementor-element elementor-element-8b02a32 elementor-section-boxed elementor-section-height-default elementor-section-height-default\" data-id=\"8b02a32\" data-element_type=\"section\" data-e-type=\"section\" data-settings=\"{&quot;_ha_eqh_enable&quot;:false}\">\n\t\t\t\t\t\t<div class=\"elementor-container elementor-column-gap-default\">\n\t\t\t\t\t<div class=\"elementor-column elementor-col-100 elementor-top-column elementor-element elementor-element-19a967f\" data-id=\"19a967f\" data-element_type=\"column\" data-e-type=\"column\">\n\t\t\t<div class=\"elementor-widget-wrap elementor-element-populated\">\n\t\t\t\t\t\t<div class=\"elementor-element elementor-element-c56f095 elementor-widget elementor-widget-eael-adv-accordion\" data-id=\"c56f095\" data-element_type=\"widget\" data-e-type=\"widget\" data-widget_type=\"eael-adv-accordion.default\">\n\t\t\t\t<div class=\"elementor-widget-container\">\n\t\t\t\t\t            <div class=\"eael-adv-accordion\" id=\"eael-adv-accordion-c56f095\" data-scroll-on-click=\"no\" data-scroll-speed=\"300\" data-accordion-id=\"c56f095\" data-accordion-type=\"accordion\" data-toogle-speed=\"300\">\n            <div class=\"eael-accordion-list\">\n\t\t\t\t\t<div id=\"wo-kann-ich-countryfield-artikel-kaufen\" class=\"elementor-tab-title eael-accordion-header\" tabindex=\"0\" data-tab=\"1\" aria-controls=\"elementor-tab-content-2071\"><span class=\"eael-advanced-accordion-icon-closed\"><i aria-hidden=\"true\" class=\"fa-accordion-icon fas fa-plus\"><\/i><\/span><span class=\"eael-advanced-accordion-icon-opened\"><i aria-hidden=\"true\" class=\"fa-accordion-icon fas fa-minus\"><\/i><\/span><span class=\"eael-accordion-tab-title\">Wo kann ich Countryfield-Artikel kaufen?<\/span><i aria-hidden=\"true\" class=\"fa-toggle fas fa-arrow-circle-down\"><\/i><\/div><div id=\"elementor-tab-content-2071\" class=\"eael-accordion-content clearfix\" data-tab=\"1\" aria-labelledby=\"wo-kann-ich-countryfield-artikel-kaufen\"><p>\u00dcber den Store Locator k\u00f6nnen Sie den n\u00e4chstgelegenen Countryfield-H\u00e4ndler finden. Jeder H\u00e4ndler hat eine eigene Auswahl an Countryfield-Artikeln. Lassen Sie sich inspirieren!<\/p>\n<\/div>\n\t\t\t\t\t<\/div><div class=\"eael-accordion-list\">\n\t\t\t\t\t<div id=\"ich-habe-ein-elektrisches-feuerzeug-gekauft-aber-es-funktioniert-nicht-richtig-was-kann-ich-tun\" class=\"elementor-tab-title eael-accordion-header\" tabindex=\"0\" data-tab=\"2\" aria-controls=\"elementor-tab-content-2072\"><span class=\"eael-advanced-accordion-icon-closed\"><i aria-hidden=\"true\" class=\"fa-accordion-icon fas fa-plus\"><\/i><\/span><span class=\"eael-advanced-accordion-icon-opened\"><i aria-hidden=\"true\" class=\"fa-accordion-icon fas fa-minus\"><\/i><\/span><span class=\"eael-accordion-tab-title\">Ich habe ein elektrisches Feuerzeug gekauft, aber es funktioniert nicht richtig. Was kann ich tun?<\/span><i aria-hidden=\"true\" class=\"fa-toggle fas fa-arrow-circle-down\"><\/i><\/div><div id=\"elementor-tab-content-2072\" class=\"eael-accordion-content clearfix\" data-tab=\"2\" aria-labelledby=\"ich-habe-ein-elektrisches-feuerzeug-gekauft-aber-es-funktioniert-nicht-richtig-was-kann-ich-tun\"><p>Es ist \u00e4rgerlich, dass das Feuerzeug nicht so funktioniert, wie es sollte. Wir empfehlen Ihnen, Folgendes auszuprobieren:<\/p>\n<ul>\n<li>Befindet sich Kerzenwachs an den Spitzen des Feuerzeugs? Reinigen Sie die Spitze des Feuerzeugs mit einem Papiertuch.<\/li>\n<li>Achten Sie beim Aufladen Ihres Feuerzeugs auf die richtige Spannung. Das Aufladen ist nicht bei allen USB-Adaptern m\u00f6glich, da die Spannung unterschiedlich ist.\n<ul>\n<li>Versuchen Sie, das Feuerzeug \u00fcber den USB-Anschluss eines Laptops oder Desktops zu laden. Pr\u00fcfen Sie nach einer Stunde, ob ein Unterschied festzustellen ist.<\/li>\n<\/ul>\n<\/li>\n<\/ul>\n<p>Reklamationen und Garantie auf das Feuerzeug laufen \u00fcber unsere Wiederverk\u00e4ufer. Sie k\u00f6nnen sich mit Ihrer Beschwerde an das Gesch\u00e4ft wenden, in dem Sie das Produkt gekauft haben. Falls erforderlich, wird Ihre Anfrage an uns weitergeleitet.<\/p>\n<p><em>Wenn Sie sich selbst an uns wenden, k\u00f6nnen wir Ihnen leider nicht helfen.<\/em><\/p>\n<\/div>\n\t\t\t\t\t<\/div><div class=\"eael-accordion-list\">\n\t\t\t\t\t<div id=\"der-artikel-den-ich-auf-der-website-sehe-wird-im-nchstgelegenen-geschft-nicht-zum-verkauf-angeboten\" class=\"elementor-tab-title eael-accordion-header\" tabindex=\"0\" data-tab=\"3\" aria-controls=\"elementor-tab-content-2073\"><span class=\"eael-advanced-accordion-icon-closed\"><i aria-hidden=\"true\" class=\"fa-accordion-icon fas fa-plus\"><\/i><\/span><span class=\"eael-advanced-accordion-icon-opened\"><i aria-hidden=\"true\" class=\"fa-accordion-icon fas fa-minus\"><\/i><\/span><span class=\"eael-accordion-tab-title\">Der Artikel, den ich auf der Website sehe, wird im n\u00e4chstgelegenen Gesch\u00e4ft nicht zum Verkauf angeboten.<\/span><i aria-hidden=\"true\" class=\"fa-toggle fas fa-arrow-circle-down\"><\/i><\/div><div id=\"elementor-tab-content-2073\" class=\"eael-accordion-content clearfix\" data-tab=\"3\" aria-labelledby=\"der-artikel-den-ich-auf-der-website-sehe-wird-im-nchstgelegenen-geschft-nicht-zum-verkauf-angeboten\"><p>Jedes Gesch\u00e4ft bietet eine eigene Auswahl an Countryfield-Artikeln an. Sie k\u00f6nnen jederzeit in Ihrem n\u00e4chstgelegenen Gesch\u00e4ft nachfragen, ob das Produkt beim Countryfield-Lieferanten bestellt werden kann.<\/p>\n<\/div>\n\t\t\t\t\t<\/div><div class=\"eael-accordion-list\">\n\t\t\t\t\t<div id=\"kann-ich-countryfield-produkte-auf-dieser-website-bestellen\" class=\"elementor-tab-title eael-accordion-header\" tabindex=\"0\" data-tab=\"4\" aria-controls=\"elementor-tab-content-2074\"><span class=\"eael-advanced-accordion-icon-closed\"><i aria-hidden=\"true\" class=\"fa-accordion-icon fas fa-plus\"><\/i><\/span><span class=\"eael-advanced-accordion-icon-opened\"><i aria-hidden=\"true\" class=\"fa-accordion-icon fas fa-minus\"><\/i><\/span><span class=\"eael-accordion-tab-title\">Kann ich Countryfield-Produkte auf dieser Website bestellen?<\/span><i aria-hidden=\"true\" class=\"fa-toggle fas fa-arrow-circle-down\"><\/i><\/div><div id=\"elementor-tab-content-2074\" class=\"eael-accordion-content clearfix\" data-tab=\"4\" aria-labelledby=\"kann-ich-countryfield-produkte-auf-dieser-website-bestellen\"><p>Es ist nicht m\u00f6glich, Countryfield-Produkte \u00fcber diese Website zu kaufen. Finden Sie die n\u00e4chstgelegene Filiale \u00fcber unseren <strong><br \/>\n  <a href=\"https:\/\/countryfield.nl\/de\/filiale-suchen\/\">Laden-Suche.<\/a><br \/>\n<\/strong><\/p>\n<\/div>\n\t\t\t\t\t<\/div><div class=\"eael-accordion-list\">\n\t\t\t\t\t<div id=\"wie-kann-ich-countryfield-kontaktieren\" class=\"elementor-tab-title eael-accordion-header\" tabindex=\"0\" data-tab=\"5\" aria-controls=\"elementor-tab-content-2075\"><span class=\"eael-advanced-accordion-icon-closed\"><i aria-hidden=\"true\" class=\"fa-accordion-icon fas fa-plus\"><\/i><\/span><span class=\"eael-advanced-accordion-icon-opened\"><i aria-hidden=\"true\" class=\"fa-accordion-icon fas fa-minus\"><\/i><\/span><span class=\"eael-accordion-tab-title\">Wie kann ich Countryfield kontaktieren?<\/span><i aria-hidden=\"true\" class=\"fa-toggle fas fa-arrow-circle-down\"><\/i><\/div><div id=\"elementor-tab-content-2075\" class=\"eael-accordion-content clearfix\" data-tab=\"5\" aria-labelledby=\"wie-kann-ich-countryfield-kontaktieren\"><p>Wenn Sie Verbraucher sind und Fragen zu unseren Produkten haben, wenden Sie sich bitte zuerst an die Verkaufsstelle, bei der Sie das Produkt gekauft haben. Falls erforderlich, wird Ihre Anfrage an uns weitergeleitet.<\/p>\n<p><em>Wenn Sie sich selbst an uns wenden, k\u00f6nnen wir Ihnen leider nicht helfen.<\/em><\/p>\n<\/div>\n\t\t\t\t\t<\/div><div class=\"eael-accordion-list\">\n\t\t\t\t\t<div id=\"ich-habe-eine-beschwerde-ber-ein-countryfield-produkt\" class=\"elementor-tab-title eael-accordion-header\" tabindex=\"0\" data-tab=\"6\" aria-controls=\"elementor-tab-content-2076\"><span class=\"eael-advanced-accordion-icon-closed\"><i aria-hidden=\"true\" class=\"fa-accordion-icon fas fa-plus\"><\/i><\/span><span class=\"eael-advanced-accordion-icon-opened\"><i aria-hidden=\"true\" class=\"fa-accordion-icon fas fa-minus\"><\/i><\/span><span class=\"eael-accordion-tab-title\">Ich habe eine Beschwerde \u00fcber ein Countryfield-Produkt.<\/span><i aria-hidden=\"true\" class=\"fa-toggle fas fa-arrow-circle-down\"><\/i><\/div><div id=\"elementor-tab-content-2076\" class=\"eael-accordion-content clearfix\" data-tab=\"6\" aria-labelledby=\"ich-habe-eine-beschwerde-ber-ein-countryfield-produkt\"><p>Sie k\u00f6nnen sich mit Ihrer Beschwerde an das Gesch\u00e4ft wenden, in dem Sie das Produkt gekauft haben. Falls erforderlich, wird Ihre Anfrage an uns weitergeleitet.<\/p>\n<\/div>\n\t\t\t\t\t<\/div><div class=\"eael-accordion-list\">\n\t\t\t\t\t<div id=\"ich-habe-ein-unternehmen-und-wrde-gerne-mit-dem-verkauf-von-countryfield-produkten-beginnen\" class=\"elementor-tab-title eael-accordion-header\" tabindex=\"0\" data-tab=\"7\" aria-controls=\"elementor-tab-content-2077\"><span class=\"eael-advanced-accordion-icon-closed\"><i aria-hidden=\"true\" class=\"fa-accordion-icon fas fa-plus\"><\/i><\/span><span class=\"eael-advanced-accordion-icon-opened\"><i aria-hidden=\"true\" class=\"fa-accordion-icon fas fa-minus\"><\/i><\/span><span class=\"eael-accordion-tab-title\">Ich habe ein Unternehmen und w\u00fcrde gerne mit dem Verkauf von Countryfield-Produkten beginnen.<\/span><i aria-hidden=\"true\" class=\"fa-toggle fas fa-arrow-circle-down\"><\/i><\/div><div id=\"elementor-tab-content-2077\" class=\"eael-accordion-content clearfix\" data-tab=\"7\" aria-labelledby=\"ich-habe-ein-unternehmen-und-wrde-gerne-mit-dem-verkauf-von-countryfield-produkten-beginnen\"><p>Countryfield ist die Marke von Decostar. Sie k\u00f6nnen sich registrieren \u00fcber <strong><br \/>\n  <a href=\"https:\/\/decostar.nl\/grid\/klant-worden\" target=\"_blank\" rel=\"noopener\">diesen Link<\/a><br \/>\n<\/strong> als b2b-Kunde bei Decostar registrieren. Sie werden dann kontaktiert, um die Optionen zu besprechen.<\/p>\n<\/div>\n\t\t\t\t\t<\/div><\/div>\t\t\t\t<\/div>\n\t\t\t\t<\/div>\n\t\t\t\t\t<\/div>\n\t\t<\/div>\n\t\t\t\t\t<\/div>\n\t\t<\/section>\n\t\t\t\t<section class=\"elementor-section elementor-top-section elementor-element elementor-element-1efdb43 elementor-section-boxed elementor-section-height-default elementor-section-height-default\" data-id=\"1efdb43\" data-element_type=\"section\" data-e-type=\"section\" data-settings=\"{&quot;_ha_eqh_enable&quot;:false}\">\n\t\t\t\t\t\t<div class=\"elementor-container elementor-column-gap-default\">\n\t\t\t\t\t<div class=\"elementor-column elementor-col-100 elementor-top-column elementor-element elementor-element-5f56271\" data-id=\"5f56271\" data-element_type=\"column\" data-e-type=\"column\">\n\t\t\t<div class=\"elementor-widget-wrap elementor-element-populated\">\n\t\t\t\t\t\t<div class=\"elementor-element elementor-element-ea74b17 elementor-widget elementor-widget-spacer\" data-id=\"ea74b17\" data-element_type=\"widget\" data-e-type=\"widget\" data-widget_type=\"spacer.default\">\n\t\t\t\t<div class=\"elementor-widget-container\">\n\t\t\t\t\t\t\t<div class=\"elementor-spacer\">\n\t\t\t<div class=\"elementor-spacer-inner\"><\/div>\n\t\t<\/div>\n\t\t\t\t\t\t<\/div>\n\t\t\t\t<\/div>\n\t\t\t\t\t<\/div>\n\t\t<\/div>\n\t\t\t\t\t<\/div>\n\t\t<\/section>\n\t\t\t\t<section class=\"elementor-section elementor-top-section elementor-element elementor-element-e6e5ba4 elementor-section-boxed elementor-section-height-default elementor-section-height-default\" data-id=\"e6e5ba4\" data-element_type=\"section\" data-e-type=\"section\" data-settings=\"{&quot;_ha_eqh_enable&quot;:false}\">\n\t\t\t\t\t\t<div class=\"elementor-container elementor-column-gap-default\">\n\t\t\t\t\t<div class=\"elementor-column elementor-col-100 elementor-top-column elementor-element elementor-element-b3c3e9d\" data-id=\"b3c3e9d\" data-element_type=\"column\" data-e-type=\"column\">\n\t\t\t<div class=\"elementor-widget-wrap elementor-element-populated\">\n\t\t\t\t\t\t<div class=\"elementor-element elementor-element-8dbc3fb elementor-widget elementor-widget-spacer\" data-id=\"8dbc3fb\" data-element_type=\"widget\" data-e-type=\"widget\" data-widget_type=\"spacer.default\">\n\t\t\t\t<div class=\"elementor-widget-container\">\n\t\t\t\t\t\t\t<div class=\"elementor-spacer\">\n\t\t\t<div class=\"elementor-spacer-inner\"><\/div>\n\t\t<\/div>\n\t\t\t\t\t\t<\/div>\n\t\t\t\t<\/div>\n\t\t\t\t\t<\/div>\n\t\t<\/div>\n\t\t\t\t\t<\/div>\n\t\t<\/section>\n\t\t\t\t<\/div>\n\t\t","protected":false},"excerpt":{"rendered":"<p>H\u00e4ufig gestellte Fragen: -Wo kann ich Countryfield Produkte erhalten? \u00dcber den Store Locator k\u00f6nnen Sie den n\u00e4chstgelegenen H\u00e4ndler unserer Countryfield Produkte finden. -Der Artikel, den ich auf der Website sehe, wird im n\u00e4chstgelegenen Gesch\u00e4ft nicht verkauft. Nun gut, jedes Gesch\u00e4ft kauft seine eigenen Countryfield Produkte, die nur eine Auswahl aus unserer Kollektion sind.<\/p>\n<p>Sie k\u00f6nnen jederzeit fragen, ob sie Ihren Artikel noch beim Countryfield-Gro\u00dfh\u00e4ndler bestellen k\u00f6nnen. -Ich habe eine Reklamation\/Fehlfunktion \u00fcber das Produkt. Auch hier wenden Sie sich bitte an das Gesch\u00e4ft, in dem Sie eingekauft haben.  Sie setzen sich dann mit dem Countryfield-Gro\u00dfh\u00e4ndler in Verbindung.<\/p>\n","protected":false},"author":11,"featured_media":0,"parent":0,"menu_order":0,"comment_status":"closed","ping_status":"closed","template":"","meta":{"_eb_attr":"","footnotes":""},"class_list":["post-10516","page","type-page","status-publish","hentry"],"_links":{"self":[{"href":"https:\/\/countryfield.nl\/de\/wp-json\/wp\/v2\/pages\/10516","targetHints":{"allow":["GET"]}}],"collection":[{"href":"https:\/\/countryfield.nl\/de\/wp-json\/wp\/v2\/pages"}],"about":[{"href":"https:\/\/countryfield.nl\/de\/wp-json\/wp\/v2\/types\/page"}],"author":[{"embeddable":true,"href":"https:\/\/countryfield.nl\/de\/wp-json\/wp\/v2\/users\/11"}],"replies":[{"embeddable":true,"href":"https:\/\/countryfield.nl\/de\/wp-json\/wp\/v2\/comments?post=10516"}],"version-history":[{"count":18,"href":"https:\/\/countryfield.nl\/de\/wp-json\/wp\/v2\/pages\/10516\/revisions"}],"predecessor-version":[{"id":25796,"href":"https:\/\/countryfield.nl\/de\/wp-json\/wp\/v2\/pages\/10516\/revisions\/25796"}],"wp:attachment":[{"href":"https:\/\/countryfield.nl\/de\/wp-json\/wp\/v2\/media?parent=10516"}],"curies":[{"name":"wp","href":"https:\/\/api.w.org\/{rel}","templated":true}]}}