{"id":10506,"date":"2019-03-05T14:06:35","date_gmt":"2019-03-05T14:06:35","guid":{"rendered":"https:\/\/countryfield.nl\/?page_id=10506"},"modified":"2026-01-15T08:23:39","modified_gmt":"2026-01-15T08:23:39","slug":"ueber-countryfield","status":"publish","type":"page","link":"https:\/\/countryfield.nl\/de\/ueber-countryfield\/","title":{"rendered":"\u00dcBER COUNTRYFIELD"},"content":{"rendered":"\t\t<div data-elementor-type=\"wp-page\" data-elementor-id=\"10506\" class=\"elementor elementor-10506 elementor-8389\" data-elementor-settings=\"{&quot;ha_cmc_init_switcher&quot;:&quot;no&quot;}\">\n\t\t\t\t\t\t<section class=\"elementor-section elementor-top-section elementor-element elementor-element-b3acc82 elementor-section-boxed elementor-section-height-default elementor-section-height-default\" data-id=\"b3acc82\" data-element_type=\"section\" data-e-type=\"section\" data-settings=\"{&quot;_ha_eqh_enable&quot;:false}\">\n\t\t\t\t\t\t<div class=\"elementor-container elementor-column-gap-default\">\n\t\t\t\t\t<div class=\"elementor-column elementor-col-100 elementor-top-column elementor-element elementor-element-6ec94c7\" data-id=\"6ec94c7\" data-element_type=\"column\" data-e-type=\"column\">\n\t\t\t<div class=\"elementor-widget-wrap elementor-element-populated\">\n\t\t\t\t\t\t<div class=\"elementor-element elementor-element-5722cb7 elementor-widget elementor-widget-spacer\" data-id=\"5722cb7\" data-element_type=\"widget\" data-e-type=\"widget\" data-widget_type=\"spacer.default\">\n\t\t\t\t<div class=\"elementor-widget-container\">\n\t\t\t\t\t\t\t<div class=\"elementor-spacer\">\n\t\t\t<div class=\"elementor-spacer-inner\"><\/div>\n\t\t<\/div>\n\t\t\t\t\t\t<\/div>\n\t\t\t\t<\/div>\n\t\t\t\t\t<\/div>\n\t\t<\/div>\n\t\t\t\t\t<\/div>\n\t\t<\/section>\n\t\t\t\t<section class=\"elementor-section elementor-top-section elementor-element elementor-element-1aa7c15 elementor-section-boxed elementor-section-height-default elementor-section-height-default\" data-id=\"1aa7c15\" data-element_type=\"section\" data-e-type=\"section\" data-settings=\"{&quot;_ha_eqh_enable&quot;:false}\">\n\t\t\t\t\t\t<div class=\"elementor-container elementor-column-gap-default\">\n\t\t\t\t\t<div class=\"elementor-column elementor-col-50 elementor-top-column elementor-element elementor-element-f970ab0\" data-id=\"f970ab0\" data-element_type=\"column\" data-e-type=\"column\">\n\t\t\t<div class=\"elementor-widget-wrap elementor-element-populated\">\n\t\t\t\t\t\t<div class=\"elementor-element elementor-element-46a7ecd elementor-widget elementor-widget-heading\" data-id=\"46a7ecd\" data-element_type=\"widget\" data-e-type=\"widget\" data-widget_type=\"heading.default\">\n\t\t\t\t<div class=\"elementor-widget-container\">\n\t\t\t\t\t<h2 class=\"elementor-heading-title elementor-size-default\">\u00dcBER COUNTRYFIELD<\/h2>\t\t\t\t<\/div>\n\t\t\t\t<\/div>\n\t\t\t\t<div class=\"elementor-element elementor-element-121e10f elementor-widget elementor-widget-text-editor\" data-id=\"121e10f\" data-element_type=\"widget\" data-e-type=\"widget\" data-widget_type=\"text-editor.default\">\n\t\t\t\t<div class=\"elementor-widget-container\">\n\t\t\t\t\t\t\t\t\t<p data-start=\"165\" data-end=\"595\"><strong data-start=\"165\" data-end=\"232\">Countryfield ist die Marke f\u00fcr stimmungsvolle, trendige Wohndekoration<\/strong> &#8211; von einzigartigen Blickf\u00e4ngen bis hin zu stilvollen Basics. Mit unseren Produkten k\u00f6nnen Sie jedem Raum in Ihrem Zuhause eine warme, pers\u00f6nliche Note verleihen. Ob Sie dem Wohnzimmer einen neuen Look geben, Ihren Wintergarten stimmungsvoll aufwerten oder Gem\u00fctlichkeit im Garten und auf der Terrasse schaffen wollen: Countryfield macht es Ihnen leicht, Ihren Stil zum Leben zu erwecken.  <\/p><p data-start=\"597\" data-end=\"1050\">Unsere Kollektion bleibt dank der st\u00e4ndig wechselnden Fr\u00fchjahrs- und Herbstkollektionen immer aktuell, erg\u00e4nzt durch spezielle saisonale Linien u.a. f\u00fcr Ostern und Weihnachten. Denken Sie an einzigartige Wohnaccessoires, Wanddekorationen, stimmungsvolle Beleuchtung und sch\u00f6ne Artikel f\u00fcr den Au\u00dfenbereich, die jede Saison die neuesten Trends widerspiegeln. Bei Countryfield finden Sie immer etwas Neues, um Ihrer Einrichtung oder Ihrem Au\u00dfenbereich das gewisse Etwas zu verleihen.  <\/p><p data-start=\"1052\" data-end=\"1257\">Ob Sie es nun robust industriell, l\u00e4ndlich warm oder modern chic m\u00f6gen &#8211; Countryfield hat die richtige Mischung von Produkten, um m\u00fchelos eine gem\u00fctliche und stilvolle Atmosph\u00e4re zu schaffen, das ganze Jahr \u00fcber.<\/p>\t\t\t\t\t\t\t\t<\/div>\n\t\t\t\t<\/div>\n\t\t\t\t\t<\/div>\n\t\t<\/div>\n\t\t\t\t<div class=\"elementor-column elementor-col-50 elementor-top-column elementor-element elementor-element-34eb550\" data-id=\"34eb550\" data-element_type=\"column\" data-e-type=\"column\">\n\t\t\t<div class=\"elementor-widget-wrap elementor-element-populated\">\n\t\t\t\t\t\t<div class=\"elementor-element elementor-element-b4dd602 elementor-widget elementor-widget-image\" data-id=\"b4dd602\" data-element_type=\"widget\" data-e-type=\"widget\" data-widget_type=\"image.default\">\n\t\t\t\t<div class=\"elementor-widget-container\">\n\t\t\t\t\t\t\t\t\t\t\t\t\t\t\t<img decoding=\"async\" src=\"https:\/\/countryfield.nl\/wp-content\/uploads\/elementor\/thumbs\/SS26_DECOSTAR-4-scaled-rhoktudm7x3gwxaiyio5zreq1ruv39133hf7qpq518.jpg\" title=\"SS26_DECOSTAR 4\" alt=\"SS26_DECOSTAR 4\" loading=\"lazy\" \/>\t\t\t\t\t\t\t\t\t\t\t\t\t\t\t<\/div>\n\t\t\t\t<\/div>\n\t\t\t\t\t<\/div>\n\t\t<\/div>\n\t\t\t\t\t<\/div>\n\t\t<\/section>\n\t\t\t\t<section class=\"elementor-section elementor-top-section elementor-element elementor-element-b3e62ae elementor-section-boxed elementor-section-height-default elementor-section-height-default\" data-id=\"b3e62ae\" data-element_type=\"section\" data-e-type=\"section\" data-settings=\"{&quot;_ha_eqh_enable&quot;:false}\">\n\t\t\t\t\t\t<div class=\"elementor-container elementor-column-gap-default\">\n\t\t\t\t\t<div class=\"elementor-column elementor-col-100 elementor-top-column elementor-element elementor-element-412ad27\" data-id=\"412ad27\" data-element_type=\"column\" data-e-type=\"column\">\n\t\t\t<div class=\"elementor-widget-wrap elementor-element-populated\">\n\t\t\t\t\t\t<div class=\"elementor-element elementor-element-727b6cb elementor-widget elementor-widget-spacer\" data-id=\"727b6cb\" data-element_type=\"widget\" data-e-type=\"widget\" data-widget_type=\"spacer.default\">\n\t\t\t\t<div class=\"elementor-widget-container\">\n\t\t\t\t\t\t\t<div class=\"elementor-spacer\">\n\t\t\t<div class=\"elementor-spacer-inner\"><\/div>\n\t\t<\/div>\n\t\t\t\t\t\t<\/div>\n\t\t\t\t<\/div>\n\t\t\t\t\t<\/div>\n\t\t<\/div>\n\t\t\t\t\t<\/div>\n\t\t<\/section>\n\t\t\t\t<section class=\"elementor-section elementor-top-section elementor-element elementor-element-db45620 elementor-section-boxed elementor-section-height-default elementor-section-height-default\" data-id=\"db45620\" data-element_type=\"section\" data-e-type=\"section\" data-settings=\"{&quot;_ha_eqh_enable&quot;:false}\">\n\t\t\t\t\t\t<div class=\"elementor-container elementor-column-gap-default\">\n\t\t\t\t\t<div class=\"elementor-column elementor-col-50 elementor-top-column elementor-element elementor-element-51c024d\" data-id=\"51c024d\" data-element_type=\"column\" data-e-type=\"column\">\n\t\t\t<div class=\"elementor-widget-wrap elementor-element-populated\">\n\t\t\t\t\t\t<div class=\"elementor-element elementor-element-4455744 elementor-widget elementor-widget-image\" data-id=\"4455744\" data-element_type=\"widget\" data-e-type=\"widget\" data-widget_type=\"image.default\">\n\t\t\t\t<div class=\"elementor-widget-container\">\n\t\t\t\t\t\t\t\t\t\t\t\t\t\t\t<img decoding=\"async\" src=\"https:\/\/countryfield.nl\/wp-content\/uploads\/elementor\/thumbs\/SS26_DECOSTAR-3-scaled-rhomfezqtlwq13nxrwkj7qe3we37jul80fwuxud1x8.jpg\" title=\"SS26_DECOSTAR 3\" alt=\"SS26_DECOSTAR 3\" loading=\"lazy\" \/>\t\t\t\t\t\t\t\t\t\t\t\t\t\t\t<\/div>\n\t\t\t\t<\/div>\n\t\t\t\t\t<\/div>\n\t\t<\/div>\n\t\t\t\t<div class=\"elementor-column elementor-col-50 elementor-top-column elementor-element elementor-element-c3d89a0\" data-id=\"c3d89a0\" data-element_type=\"column\" data-e-type=\"column\">\n\t\t\t<div class=\"elementor-widget-wrap elementor-element-populated\">\n\t\t\t\t\t\t<div class=\"elementor-element elementor-element-d8fc98a elementor-widget elementor-widget-heading\" data-id=\"d8fc98a\" data-element_type=\"widget\" data-e-type=\"widget\" data-widget_type=\"heading.default\">\n\t\t\t\t<div class=\"elementor-widget-container\">\n\t\t\t\t\t<h2 class=\"elementor-heading-title elementor-size-default\">Countryfield Sammlungen<\/h2>\t\t\t\t<\/div>\n\t\t\t\t<\/div>\n\t\t\t\t<div class=\"elementor-element elementor-element-e9fe6d1 elementor-widget elementor-widget-text-editor\" data-id=\"e9fe6d1\" data-element_type=\"widget\" data-e-type=\"widget\" data-widget_type=\"text-editor.default\">\n\t\t\t\t<div class=\"elementor-widget-container\">\n\t\t\t\t\t\t\t\t\t<p>Die Wohndekoration von Countryfield macht aus Ihrem Haus ein Zuhause. Wir haben stilvolle Geschmacksverst\u00e4rker in unserem Sortiment, von modernen Lampen bis hin zu trendigen <strong><a href=\"https:\/\/countryfield.nl\/woondecoratie\/\">Wohndekoration<\/a> <\/strong>und stimmungsvolle Windschutzscheiben aus Glas oder sch\u00f6nen Naturmaterialien. Unsere eigene <strong><a href=\"https:\/\/countryfield.nl\/de\/ambiance-collectie\/\">Duftlinie<\/a> <\/strong>besteht aus hochwertigen Produkten und k\u00f6stlichen D\u00fcften, die das besondere Gef\u00fchl vermitteln, wirklich nach Hause zu kommen. Kurzum, wir sind f\u00fcr den wahren Liebhaber des modernen und stimmungsvollen Wohnens da.<\/p><p>Wir haben auch ein gro\u00dfes und vielf\u00e4ltiges Angebot an <strong><a href=\"https:\/\/countryfield.nl\/de\/weihnachten\/\">Weihnachtsartikel<\/a><\/strong>. Ob Sie ein traditionelles Ambiente mit Gr\u00fcn- und Rott\u00f6nen, eine winterliche Atmosph\u00e4re mit Wei\u00df- und Blaut\u00f6nen oder eine reiche Majest\u00e4t in Rot-\/Pink- und Goldt\u00f6nen bevorzugen, bei Countryfield haben wir alles!<\/p>\t\t\t\t\t\t\t\t<\/div>\n\t\t\t\t<\/div>\n\t\t\t\t\t<\/div>\n\t\t<\/div>\n\t\t\t\t\t<\/div>\n\t\t<\/section>\n\t\t\t\t<section class=\"elementor-section elementor-top-section elementor-element elementor-element-05297be elementor-section-boxed elementor-section-height-default elementor-section-height-default\" data-id=\"05297be\" data-element_type=\"section\" data-e-type=\"section\" data-settings=\"{&quot;_ha_eqh_enable&quot;:false}\">\n\t\t\t\t\t\t<div class=\"elementor-container elementor-column-gap-default\">\n\t\t\t\t\t<div class=\"elementor-column elementor-col-100 elementor-top-column elementor-element elementor-element-a272505\" data-id=\"a272505\" data-element_type=\"column\" data-e-type=\"column\">\n\t\t\t<div class=\"elementor-widget-wrap elementor-element-populated\">\n\t\t\t\t\t\t<div class=\"elementor-element elementor-element-2bf1a71 elementor-widget elementor-widget-spacer\" data-id=\"2bf1a71\" data-element_type=\"widget\" data-e-type=\"widget\" data-widget_type=\"spacer.default\">\n\t\t\t\t<div class=\"elementor-widget-container\">\n\t\t\t\t\t\t\t<div class=\"elementor-spacer\">\n\t\t\t<div class=\"elementor-spacer-inner\"><\/div>\n\t\t<\/div>\n\t\t\t\t\t\t<\/div>\n\t\t\t\t<\/div>\n\t\t\t\t\t<\/div>\n\t\t<\/div>\n\t\t\t\t\t<\/div>\n\t\t<\/section>\n\t\t\t\t<section class=\"elementor-section elementor-top-section elementor-element elementor-element-b1dccf4 elementor-section-boxed elementor-section-height-default elementor-section-height-default\" data-id=\"b1dccf4\" data-element_type=\"section\" data-e-type=\"section\" data-settings=\"{&quot;_ha_eqh_enable&quot;:false}\">\n\t\t\t\t\t\t<div class=\"elementor-container elementor-column-gap-default\">\n\t\t\t\t\t<div class=\"elementor-column elementor-col-100 elementor-top-column elementor-element elementor-element-300d6de\" data-id=\"300d6de\" data-element_type=\"column\" data-e-type=\"column\">\n\t\t\t<div class=\"elementor-widget-wrap elementor-element-populated\">\n\t\t\t\t\t\t<div class=\"elementor-element elementor-element-cac8b20 elementor-widget elementor-widget-heading\" data-id=\"cac8b20\" data-element_type=\"widget\" data-e-type=\"widget\" data-widget_type=\"heading.default\">\n\t\t\t\t<div class=\"elementor-widget-container\">\n\t\t\t\t\t<h2 class=\"elementor-heading-title elementor-size-default\">Verkaufsstellen Countryfield<\/h2>\t\t\t\t<\/div>\n\t\t\t\t<\/div>\n\t\t\t\t<div class=\"elementor-element elementor-element-78dfb7b elementor-widget elementor-widget-text-editor\" data-id=\"78dfb7b\" data-element_type=\"widget\" data-e-type=\"widget\" data-widget_type=\"text-editor.default\">\n\t\t\t\t<div class=\"elementor-widget-container\">\n\t\t\t\t\t\t\t\t\t<p>Unser <strong><a href=\"https:\/\/countryfield.nl\/woondecoratie\/\">Wohndekoration<\/a> <\/strong>Artikel sind in den gesamten Niederlanden zu finden. Beim Blumenh\u00e4ndler um die Ecke oder im Gartencenter der Stadt. In unseren Verkaufsstellen k\u00f6nnen Sie all Ihre Fragen stellen und eine exklusive Auswahl an Artikeln finden.<\/p><p>Wenn Sie auf der Suche nach neuen Artikeln f\u00fcr Ihre Inneneinrichtung sind, sollten Sie Countryfield entdecken. Finden Sie unsere <strong><a href=\"https:\/\/countryfield.nl\/de\/filiale-suchen\/\">Verkaufsstellen<\/a> <\/strong>in den gesamten Niederlanden. Immer eine Steckdose in Ihrer N\u00e4he.<\/p>\t\t\t\t\t\t\t\t<\/div>\n\t\t\t\t<\/div>\n\t\t\t\t<div class=\"elementor-element elementor-element-dfd6100 elementor-widget elementor-widget-button\" data-id=\"dfd6100\" data-element_type=\"widget\" data-e-type=\"widget\" data-widget_type=\"button.default\">\n\t\t\t\t<div class=\"elementor-widget-container\">\n\t\t\t\t\t\t\t\t\t<div class=\"elementor-button-wrapper\">\n\t\t\t\t\t<a class=\"elementor-button elementor-button-link elementor-size-sm elementor-animation-shrink\" href=\"https:\/\/countryfield.nl\/de\/filiale-suchen\/\">\n\t\t\t\t\t\t<span class=\"elementor-button-content-wrapper\">\n\t\t\t\t\t\t\t\t\t<span class=\"elementor-button-text\">Storelocator<\/span>\n\t\t\t\t\t<\/span>\n\t\t\t\t\t<\/a>\n\t\t\t\t<\/div>\n\t\t\t\t\t\t\t\t<\/div>\n\t\t\t\t<\/div>\n\t\t\t\t\t<\/div>\n\t\t<\/div>\n\t\t\t\t\t<\/div>\n\t\t<\/section>\n\t\t\t\t<section class=\"elementor-section elementor-top-section elementor-element elementor-element-6f70b17 elementor-section-boxed elementor-section-height-default elementor-section-height-default\" data-id=\"6f70b17\" data-element_type=\"section\" data-e-type=\"section\" data-settings=\"{&quot;_ha_eqh_enable&quot;:false}\">\n\t\t\t\t\t\t<div class=\"elementor-container elementor-column-gap-default\">\n\t\t\t\t\t<div class=\"elementor-column elementor-col-100 elementor-top-column elementor-element elementor-element-2d651a9\" data-id=\"2d651a9\" data-element_type=\"column\" data-e-type=\"column\">\n\t\t\t<div class=\"elementor-widget-wrap elementor-element-populated\">\n\t\t\t\t\t\t<div class=\"elementor-element elementor-element-700b4a0 elementor-widget elementor-widget-spacer\" data-id=\"700b4a0\" data-element_type=\"widget\" data-e-type=\"widget\" data-widget_type=\"spacer.default\">\n\t\t\t\t<div class=\"elementor-widget-container\">\n\t\t\t\t\t\t\t<div class=\"elementor-spacer\">\n\t\t\t<div class=\"elementor-spacer-inner\"><\/div>\n\t\t<\/div>\n\t\t\t\t\t\t<\/div>\n\t\t\t\t<\/div>\n\t\t\t\t\t<\/div>\n\t\t<\/div>\n\t\t\t\t\t<\/div>\n\t\t<\/section>\n\t\t\t\t<\/div>\n\t\t","protected":false},"excerpt":{"rendered":"<p>\u00dcBER COUNTRYFIELD Countryfield ist die Marke f\u00fcr stimmungsvolle, trendige Wohndekoration &#8211; von einzigartigen Blickf\u00e4ngen bis hin zu stilvollen Basics. Mit unseren Produkten k\u00f6nnen Sie jedem Raum in Ihrem Zuhause eine warme, pers\u00f6nliche Note verleihen. Ob Sie dem Wohnzimmer einen neuen Look geben, Ihren Wintergarten stimmungsvoll aufwerten oder Gem\u00fctlichkeit im Garten und auf der Terrasse schaffen [&hellip;]<\/p>\n","protected":false},"author":11,"featured_media":0,"parent":0,"menu_order":0,"comment_status":"closed","ping_status":"closed","template":"","meta":{"_eb_attr":"","footnotes":""},"class_list":["post-10506","page","type-page","status-publish","hentry"],"_links":{"self":[{"href":"https:\/\/countryfield.nl\/de\/wp-json\/wp\/v2\/pages\/10506","targetHints":{"allow":["GET"]}}],"collection":[{"href":"https:\/\/countryfield.nl\/de\/wp-json\/wp\/v2\/pages"}],"about":[{"href":"https:\/\/countryfield.nl\/de\/wp-json\/wp\/v2\/types\/page"}],"author":[{"embeddable":true,"href":"https:\/\/countryfield.nl\/de\/wp-json\/wp\/v2\/users\/11"}],"replies":[{"embeddable":true,"href":"https:\/\/countryfield.nl\/de\/wp-json\/wp\/v2\/comments?post=10506"}],"version-history":[{"count":27,"href":"https:\/\/countryfield.nl\/de\/wp-json\/wp\/v2\/pages\/10506\/revisions"}],"predecessor-version":[{"id":27623,"href":"https:\/\/countryfield.nl\/de\/wp-json\/wp\/v2\/pages\/10506\/revisions\/27623"}],"wp:attachment":[{"href":"https:\/\/countryfield.nl\/de\/wp-json\/wp\/v2\/media?parent=10506"}],"curies":[{"name":"wp","href":"https:\/\/api.w.org\/{rel}","templated":true}]}}